{"id":857,"date":"2024-03-25T17:43:59","date_gmt":"2024-03-25T15:43:59","guid":{"rendered":"https:\/\/mgmarquitecta.com\/?page_id=857"},"modified":"2025-05-22T19:24:29","modified_gmt":"2025-05-22T17:24:29","slug":"accesibilidad","status":"publish","type":"page","link":"https:\/\/mgm-arquitectura.com\/en\/accesibilidad\/","title":{"rendered":"Accesibilidad"},"content":{"rendered":"\t\t<div data-elementor-type=\"wp-page\" data-elementor-id=\"857\" class=\"elementor elementor-857\" data-elementor-post-type=\"page\">\n\t\t\t\t\t\t<section class=\"elementor-section elementor-top-section elementor-element elementor-element-f336924 elementor-section-height-min-height elementor-section-items-bottom elementor-section-boxed elementor-section-height-default\" data-id=\"f336924\" data-element_type=\"section\" data-settings=\"{&quot;background_background&quot;:&quot;classic&quot;,&quot;background_motion_fx_motion_fx_scrolling&quot;:&quot;yes&quot;,&quot;background_motion_fx_translateY_effect&quot;:&quot;yes&quot;,&quot;background_motion_fx_translateY_direction&quot;:&quot;negative&quot;,&quot;background_motion_fx_translateY_speed&quot;:{&quot;unit&quot;:&quot;px&quot;,&quot;size&quot;:3,&quot;sizes&quot;:[]},&quot;background_motion_fx_translateY_affectedRange&quot;:{&quot;unit&quot;:&quot;%&quot;,&quot;size&quot;:&quot;&quot;,&quot;sizes&quot;:{&quot;start&quot;:0,&quot;end&quot;:100}},&quot;background_motion_fx_devices&quot;:[&quot;desktop&quot;,&quot;tablet&quot;,&quot;mobile&quot;]}\">\n\t\t\t\t\t\t\t<div class=\"elementor-background-overlay\"><\/div>\n\t\t\t\t\t\t\t<div class=\"elementor-container elementor-column-gap-no\">\n\t\t\t\t\t<div class=\"elementor-column elementor-col-100 elementor-top-column elementor-element elementor-element-8c90dd8\" data-id=\"8c90dd8\" data-element_type=\"column\" data-settings=\"{&quot;background_background&quot;:&quot;classic&quot;}\">\n\t\t\t<div class=\"elementor-widget-wrap elementor-element-populated\">\n\t\t\t\t\t\t<section class=\"elementor-section elementor-inner-section elementor-element elementor-element-4c04d06 elementor-section-content-bottom elementor-section-boxed elementor-section-height-default elementor-section-height-default\" data-id=\"4c04d06\" data-element_type=\"section\" data-settings=\"{&quot;background_background&quot;:&quot;classic&quot;}\">\n\t\t\t\t\t\t<div class=\"elementor-container elementor-column-gap-no\">\n\t\t\t\t\t<div class=\"elementor-column elementor-col-33 elementor-inner-column elementor-element elementor-element-84af348 elementor-hidden-tablet elementor-hidden-phone\" data-id=\"84af348\" data-element_type=\"column\">\n\t\t\t<div class=\"elementor-widget-wrap\">\n\t\t\t\t\t\t\t<\/div>\n\t\t<\/div>\n\t\t\t\t<div class=\"elementor-column elementor-col-33 elementor-inner-column elementor-element elementor-element-01ee799\" data-id=\"01ee799\" data-element_type=\"column\">\n\t\t\t<div class=\"elementor-widget-wrap elementor-element-populated\">\n\t\t\t\t\t<div class=\"elementor-background-overlay\"><\/div>\n\t\t\t\t\t\t\t<\/div>\n\t\t<\/div>\n\t\t\t\t<div class=\"elementor-column elementor-col-33 elementor-inner-column elementor-element elementor-element-44fcece elementor-hidden-tablet elementor-hidden-phone\" data-id=\"44fcece\" data-element_type=\"column\">\n\t\t\t<div class=\"elementor-widget-wrap\">\n\t\t\t\t\t\t\t<\/div>\n\t\t<\/div>\n\t\t\t\t\t<\/div>\n\t\t<\/section>\n\t\t\t\t\t<\/div>\n\t\t<\/div>\n\t\t\t\t\t<\/div>\n\t\t<\/section>\n\t\t\t\t<section class=\"elementor-section elementor-top-section elementor-element elementor-element-5f01e34 elementor-section-boxed elementor-section-height-default elementor-section-height-default\" data-id=\"5f01e34\" data-element_type=\"section\">\n\t\t\t\t\t\t<div class=\"elementor-container elementor-column-gap-default\">\n\t\t\t\t\t<div class=\"elementor-column elementor-col-100 elementor-top-column elementor-element elementor-element-b7e6b09\" data-id=\"b7e6b09\" data-element_type=\"column\">\n\t\t\t<div class=\"elementor-widget-wrap\">\n\t\t\t\t\t\t\t<\/div>\n\t\t<\/div>\n\t\t\t\t\t<\/div>\n\t\t<\/section>\n\t\t\t\t<section class=\"elementor-section elementor-top-section elementor-element elementor-element-4345bcd7 elementor-section-boxed elementor-section-height-default elementor-section-height-default\" data-id=\"4345bcd7\" data-element_type=\"section\">\n\t\t\t\t\t\t<div class=\"elementor-container elementor-column-gap-default\">\n\t\t\t\t\t<div class=\"elementor-column elementor-col-100 elementor-top-column elementor-element elementor-element-4e9d0370\" data-id=\"4e9d0370\" data-element_type=\"column\">\n\t\t\t<div class=\"elementor-widget-wrap elementor-element-populated\">\n\t\t\t\t\t\t<div class=\"elementor-element elementor-element-555e88eb elementor-widget elementor-widget-text-editor\" data-id=\"555e88eb\" data-element_type=\"widget\" data-widget_type=\"text-editor.default\">\n\t\t\t\t<div class=\"elementor-widget-container\">\n\t\t\t\t\t\t\t<p>The entity <strong>MARIA GABRIELA MOLISE<\/strong> has committed to making its website accessible in accordance with Royal Decree 1112\/2018, of September 7, on the accessibility of websites and applications for mobile devices in the public sector. .(Opens in new window)<\/p><p>This accessibility statement applies to the website: https:\/\/mgmarquitecta.com\/<\/p>\t\t\t\t\t\t<\/div>\n\t\t\t\t<\/div>\n\t\t\t\t<div class=\"elementor-element elementor-element-5ce13844 elementor-widget elementor-widget-heading\" data-id=\"5ce13844\" data-element_type=\"widget\" data-widget_type=\"heading.default\">\n\t\t\t\t<div class=\"elementor-widget-container\">\n\t\t\t<h4 class=\"elementor-heading-title elementor-size-default\">COMPLIANCE<\/h4>\t\t<\/div>\n\t\t\t\t<\/div>\n\t\t\t\t<div class=\"elementor-element elementor-element-6b0313b elementor-widget elementor-widget-text-editor\" data-id=\"6b0313b\" data-element_type=\"widget\" data-widget_type=\"text-editor.default\">\n\t\t\t\t<div class=\"elementor-widget-container\">\n\t\t\t\t\t\t\tThis website is partially compliant with RD 1112\/2018 due to the exceptions and lack of conformity of the aspects indicated below.\t\t\t\t\t\t<\/div>\n\t\t\t\t<\/div>\n\t\t\t\t<div class=\"elementor-element elementor-element-7c3cc5d elementor-widget elementor-widget-heading\" data-id=\"7c3cc5d\" data-element_type=\"widget\" data-widget_type=\"heading.default\">\n\t\t\t\t<div class=\"elementor-widget-container\">\n\t\t\t<h4 class=\"elementor-heading-title elementor-size-default\">CONTENT NOT ACCESSIBLE<\/h4>\t\t<\/div>\n\t\t\t\t<\/div>\n\t\t\t\t<div class=\"elementor-element elementor-element-1a9ce220 elementor-widget elementor-widget-text-editor\" data-id=\"1a9ce220\" data-element_type=\"widget\" data-widget_type=\"text-editor.default\">\n\t\t\t\t<div class=\"elementor-widget-container\">\n\t\t\t\t\t\t\t<p>The content collected below is not accessible due to the following:<\/p><ul class=\"accssme-widget-content\"><li id=\"m_-8156018932468960723gmail-accssme_180\" class=\"accssme-widget-content\"><strong class=\"accssme-widget-content\"><span id=\"m_-8156018932468960723gmail-accssme_181\" class=\"accssme-widget-text\">Falta de conformidad con el RD 1112\/2018<\/span><\/strong><br id=\"accssme_929\" class=\"accssme-widget-content\" \/><ul id=\"m_-8156018932468960723gmail-accssme_182\" class=\"accssme-widget-content\"><li id=\"m_-8156018932468960723gmail-accssme_183\" class=\"accssme-widget-text\">Existen logotipos e im\u00e1genes con texto alternativo incorrecto o confuso e im\u00e1genes complejas sin descripci\u00f3n textual\u00a0<span id=\"m_-8156018932468960723gmail-accssme_184\" class=\"accssme-widget-text\">[requisito n\u00famero 9.1.1.1 Contenido no textual, de UNE-EN 301549:2022].<\/span><\/li><li id=\"m_-8156018932468960723gmail-accssme_185\" class=\"accssme-widget-text\">Existen listas creadas de forma incorrecta (sin etiqueta de lista), tablas con celdas etiquetadas incorrectamene y etiquetas invisibles en elementos de formularios<span id=\"m_-8156018932468960723gmail-accssme_186\" class=\"accssme-widget-text\">\u00a0[requisito n\u00famero 9.1.3.1 Informaci\u00f3n y relaciones, de UNE-EN 301549:2022].<\/span><\/li><li id=\"m_-8156018932468960723gmail-accssme_187\" class=\"accssme-widget-text\">Existen tablas no adaptadas a tama\u00f1os de pantalla peque\u00f1os y campos de formulario que no se visualizan correctamente en tama\u00f1os de pantalla peque\u00f1os\u00a0<span id=\"m_-8156018932468960723gmail-accssme_188\" class=\"accssme-widget-text\">[requisito n\u00famero 9.1.4.10 Reajuste de texto, de UNE-EN 301549:2022]<\/span>.<\/li><li id=\"m_-8156018932468960723gmail-accssme_189\" class=\"accssme-widget-text\">Existe texto que al cambiar los espacios y alturas de l\u00ednea no se visualiza correctamente<span id=\"m_-8156018932468960723gmail-accssme_190\" class=\"accssme-widget-text\">\u00a0[requisito n\u00famero 9.1.4.12 Espaciado de texto, de UNE-EN 301549:2022].<\/span><\/li><li id=\"m_-8156018932468960723gmail-accssme_191\" class=\"accssme-widget-text\">Existen elementos que no son accesibles por teclado, como por ejemplo enlaces a redes sociales, el editor de textos para comentarios, elementos para ordenar resultados de b\u00fasqueda, la paginaci\u00f3n de los resultados de b\u00fasqueda o las flechas de calendario\u00a0<span id=\"m_-8156018932468960723gmail-accssme_192\" class=\"accssme-widget-text\">[requisito n\u00famero 9.2.1.1 Teclado, de UNE-EN 301549:2022].<\/span><\/li><li id=\"m_-8156018932468960723gmail-accssme_193\" class=\"accssme-widget-text\">Hay elementos que no reciben el foco y por tanto no se puede interactuar con ellos mediante el teclado, por ejemplo\u00a0<span id=\"m_-8156018932468960723gmail-accssme_194\" class=\"accssme-widget-text\">[requisito n\u00famero 9.2.4.3 Orden del foco, de UNE-EN 301549:2022]<\/span>.<\/li><li id=\"m_-8156018932468960723gmail-accssme_195\" class=\"accssme-widget-text\">Hay enlaces en los que no se identifica correctamente su funci\u00f3n (tienen una descripci\u00f3n inadecuada, un texto demasiado gen\u00e9rico, un title inadecuado\u2026).<br id=\"m_-8156018932468960723gmail-accssme_196\" class=\"accssme-widget-content\" \/><span id=\"m_-8156018932468960723gmail-accssme_197\" class=\"accssme-widget-text\">[requisito n\u00famero 9.2.4.4 Prop\u00f3sito de los enlaces, de UNE-EN 301549:2022].<\/span><\/li><li id=\"m_-8156018932468960723gmail-accssme_198\" class=\"accssme-widget-text\">Hay encabezados con texto repetido y\/o poco descriptivo\u00a0<span id=\"m_-8156018932468960723gmail-accssme_199\" class=\"accssme-widget-text\">[requisito n\u00famero 9.2.4.6 Encabezados y etiquetas, de UNE-EN 301549:2022].<\/span><\/li><li id=\"m_-8156018932468960723gmail-accssme_200\" class=\"accssme-widget-text\">Existen im\u00e1genes, infograf\u00edas, textos de enlaces o botones, texto de titulares y contenido que no est\u00e1n traducidos a otros idiomas\u00a0<span id=\"m_-8156018932468960723gmail-accssme_201\" class=\"accssme-widget-text\">[requisito n\u00famero 9.3.1.2 Idioma de las partes, de UNE-EN 301549:2022]<\/span>.<\/li><li id=\"m_-8156018932468960723gmail-accssme_202\" class=\"accssme-widget-text\">En alguna p\u00e1gina se est\u00e1 usando el mismo icono para diferentes prop\u00f3sitos, lo cual genera confunsi\u00f3n\u00a0<span id=\"m_-8156018932468960723gmail-accssme_203\" class=\"accssme-widget-text\">[requisito n\u00famero 9.3.2.4 Identificaci\u00f3n coherente, de UNE-EN 301549:2022]<\/span>.<\/li><li id=\"m_-8156018932468960723gmail-accssme_204\" class=\"accssme-widget-text\">Existen mensajes de error poco descriptivos, o mensajes de error que no est\u00e1n agrupados en un \u00fanico mensaje as\u00ed como falta de sugerencias en formulario para rellenar los campos correctamente\u00a0<span id=\"m_-8156018932468960723gmail-accssme_205\" class=\"accssme-widget-text\">[requisito n\u00famero 9.3.3.1 Identificaci\u00f3n de errores, de UNE-EN 301549:2022]<\/span>.<\/li><li id=\"m_-8156018932468960723gmail-accssme_206\" class=\"accssme-widget-text\">Existen formularios con campos obligatorios donde no se informa al usuario de ello, as\u00ed como campos donde falta un ejemplo textual del formato del campo.<br id=\"m_-8156018932468960723gmail-accssme_207\" class=\"accssme-widget-content\" \/>(como por ejemplo el DNI)\u00a0<span id=\"m_-8156018932468960723gmail-accssme_208\" class=\"accssme-widget-text\">[requisito n\u00famero 9.3.3.2 Etiquetas e instrucciones, de UNE-EN 301549:2022]<\/span>.<\/li><li id=\"m_-8156018932468960723gmail-accssme_209\" class=\"accssme-widget-text\">Existen campos de formularios donde se informa del error cuando se introduce un valor incorrecto pero no se informa de una sugerencia para su correcci\u00f3n.<br id=\"m_-8156018932468960723gmail-accssme_210\" class=\"accssme-widget-content\" \/><span id=\"m_-8156018932468960723gmail-accssme_211\" class=\"accssme-widget-text\">[requisito n\u00famero 9.3.3.3 Sugerencias ante errores, de UNE-EN 301549:2022]<\/span>.<\/li><li id=\"m_-8156018932468960723gmail-accssme_212\" class=\"accssme-widget-text\">Existen p\u00e1ginas con errores de sintaxis y por tanto alg\u00fan producto de apoyo puede no interpretar correctamente el contenido (IDs de p\u00e1gina duplicados, etiquetas sin cerrar, construcci\u00f2n incorecta de etiquetas\u2026).<span id=\"m_-8156018932468960723gmail-accssme_213\" class=\"accssme-widget-text\">\u00a0[requisito n\u00famero 9.4.1.1 Procesamiento, de UNE-EN 301549:2022]<\/span>.<\/li><li id=\"m_-8156018932468960723gmail-accssme_214\" class=\"accssme-widget-text\">Existen p\u00e1ginas en las que los productos de apoyo no van a poder obtener informaci\u00f3n, interactuar y estar al corriente del estado de los controles de interfaz de usuario, como por ejemplo, mensajes de ayuda, mensajes de estado de resultado de acciones, atributos de enlaces, imagen de idioma de p\u00e1gina\u2026 que no podr\u00e1n ser le\u00eddo por lectores de pantalla en el momento en el que aparecen\u00a0<span id=\"m_-8156018932468960723gmail-accssme_215\" class=\"accssme-widget-text\">[requisito n\u00famero 9.4.1.2 Nombre, funci\u00f3n, valor de UNE-EN 301549:2022]<\/span>.<\/li><li id=\"m_-8156018932468960723gmail-accssme_216\" class=\"accssme-widget-text\">Podr\u00edan existir fallos puntuales de edici\u00f3n en alguna p\u00e1gina web.<\/li><\/ul><\/li><li id=\"m_-8156018932468960723gmail-accssme_217\" class=\"accssme-widget-content\"><strong class=\"accssme-widget-content\"><span id=\"m_-8156018932468960723gmail-accssme_218\" class=\"accssme-widget-text\">Carga desproporcionada<\/span><\/strong><br id=\"accssme_930\" class=\"accssme-widget-content\" \/><ul id=\"m_-8156018932468960723gmail-accssme_219\" class=\"accssme-widget-content\"><li id=\"m_-8156018932468960723gmail-accssme_220\" class=\"accssme-widget-text\">No aplica.<\/li><\/ul><\/li><li id=\"m_-8156018932468960723gmail-accssme_221\" class=\"accssme-widget-content\"><strong class=\"accssme-widget-content\"><span id=\"m_-8156018932468960723gmail-accssme_222\" class=\"accssme-widget-text\">El contenido no entra dentro del \u00e1mbito de la legislaci\u00f3n aplicable<\/span><\/strong><br id=\"accssme_931\" class=\"accssme-widget-content\" \/><ul id=\"m_-8156018932468960723gmail-accssme_223\" class=\"accssme-widget-content\"><li id=\"m_-8156018932468960723gmail-accssme_224\" class=\"accssme-widget-text\">Podr\u00edan existir archivos ofim\u00e1ticos en PDF u otros formatos publicados antes del 20 de septiembre de 2018 que no cumplan en su totalidad todos los requisitos de accesibilidad. Aunque se ha procurado que la mayor\u00eda de ellos s\u00ed lo cumplan.<\/li><\/ul><\/li><\/ul>\t\t\t\t\t\t<\/div>\n\t\t\t\t<\/div>\n\t\t\t\t<div class=\"elementor-element elementor-element-917b684 elementor-widget elementor-widget-heading\" data-id=\"917b684\" data-element_type=\"widget\" data-widget_type=\"heading.default\">\n\t\t\t\t<div class=\"elementor-widget-container\">\n\t\t\t<h4 class=\"elementor-heading-title elementor-size-default\">PREPARACI\u00d3N DE LA PRESENTE DECLARACI\u00d3N DE ACCESIBILIDAD<\/h4>\t\t<\/div>\n\t\t\t\t<\/div>\n\t\t\t\t<div class=\"elementor-element elementor-element-148ba50d elementor-widget elementor-widget-text-editor\" data-id=\"148ba50d\" data-element_type=\"widget\" data-widget_type=\"text-editor.default\">\n\t\t\t\t<div class=\"elementor-widget-container\">\n\t\t\t\t\t\t\t<p>La presente declaraci\u00f3n fue preparada el 22\/03\/2024.<\/p><p>El m\u00e9todo empleado para preparar la declaraci\u00f3n ha sido una autoevaluaci\u00f3n llevada a cabo por la propia entidad.<\/p><p>\u00daltima revisi\u00f3n de la declaraci\u00f3n: 22\/03\/2024.<\/p>\t\t\t\t\t\t<\/div>\n\t\t\t\t<\/div>\n\t\t\t\t<div class=\"elementor-element elementor-element-66b4e60f elementor-widget elementor-widget-heading\" data-id=\"66b4e60f\" data-element_type=\"widget\" data-widget_type=\"heading.default\">\n\t\t\t\t<div class=\"elementor-widget-container\">\n\t\t\t<h4 class=\"elementor-heading-title elementor-size-default\">OBSERVACIONES Y DATOS DE CONTACTO<\/h4>\t\t<\/div>\n\t\t\t\t<\/div>\n\t\t\t\t<div class=\"elementor-element elementor-element-171ddb0e elementor-widget elementor-widget-text-editor\" data-id=\"171ddb0e\" data-element_type=\"widget\" data-widget_type=\"text-editor.default\">\n\t\t\t\t<div class=\"elementor-widget-container\">\n\t\t\t\t\t\t\t<p>Puede realizar comunicaciones sobre requisitos de accesibilidad (art\u00edculo 10.2.a) del RD 1112\/2018) como por ejemplo:<\/p><p>informar sobre cualquier posible incumplimiento por parte de este sitio web transmitir otras dificultades de acceso al contenido formular cualquier otra\u00a0 consulta o sugerencia de mejora relativa a la accesibilidad del sitio web a\u00a0trav\u00e9s del siguiente: <a href=\"https:\/\/mgmarquitecta.com\/contacto\/\">formulario de contacto.<\/a><\/p>\t\t\t\t\t\t<\/div>\n\t\t\t\t<\/div>\n\t\t\t\t<div class=\"elementor-element elementor-element-302b7912 elementor-widget elementor-widget-heading\" data-id=\"302b7912\" data-element_type=\"widget\" data-widget_type=\"heading.default\">\n\t\t\t\t<div class=\"elementor-widget-container\">\n\t\t\t<h4 class=\"elementor-heading-title elementor-size-default\">Puede presentar:<\/h4>\t\t<\/div>\n\t\t\t\t<\/div>\n\t\t\t\t<div class=\"elementor-element elementor-element-20af4b7d elementor-widget elementor-widget-text-editor\" data-id=\"20af4b7d\" data-element_type=\"widget\" data-widget_type=\"text-editor.default\">\n\t\t\t\t<div class=\"elementor-widget-container\">\n\t\t\t\t\t\t\t<p>Una queja relativa al cumplimiento de los requisitos del RD 1112\/2018 o una Solicitud de Informaci\u00f3n accesible relativa a: Contenidos que est\u00e1n excluidos del \u00e1mbito de aplicaci\u00f3n del RD 1112\/2018 seg\u00fan lo establecido por el art\u00edculo 3, apartado 4 contenidos que est\u00e1n exentos del cumplimiento de los requisitos de accesibilidad por imponer una carga desproporcionada.<\/p><p>En la Solicitud de informaci\u00f3n accesible, se debe concretar, con toda claridad, los hechos, razones y petici\u00f3n que permitan constatar que se trata de una solicitud razonable y leg\u00edtima.<\/p>\t\t\t\t\t\t<\/div>\n\t\t\t\t<\/div>\n\t\t\t\t<div class=\"elementor-element elementor-element-3617b103 elementor-widget elementor-widget-heading\" data-id=\"3617b103\" data-element_type=\"widget\" data-widget_type=\"heading.default\">\n\t\t\t\t<div class=\"elementor-widget-container\">\n\t\t\t<h4 class=\"elementor-heading-title elementor-size-default\">CONTENIDO OPCIONAL<\/h4>\t\t<\/div>\n\t\t\t\t<\/div>\n\t\t\t\t<div class=\"elementor-element elementor-element-4ccab31a elementor-widget elementor-widget-text-editor\" data-id=\"4ccab31a\" data-element_type=\"widget\" data-widget_type=\"text-editor.default\">\n\t\t\t\t<div class=\"elementor-widget-container\">\n\t\t\t\t\t\t\t<p>Este sitio web aplica los requisitos de la Norma UNE-EN 301549:2022 considerando las excepciones del RD 1112\/2018.<\/p><p>La \u00faltima revisi\u00f3n de la accesibilidad se ha realizado en 22\/03\/2024.<\/p><p>El sitio web est\u00e1 optimizado para los navegadores Microsoft Internet Explorer 8.0 o versiones superiores y las \u00faltimas versiones vigentes de FireFox, Safari, Opera y Google Chrome. La resoluci\u00f3n web m\u00ednima recomendada es de 1280\u00d71024.<\/p><p>El sitio web est\u00e1 dise\u00f1ado para su visualizaci\u00f3n Responsive, con lo que se visualiza de forma \u00f3ptima en los dispositivos tablet y m\u00f3viles. En estos dispositivos est\u00e1 optimizado para su visualizaci\u00f3n en las \u00faltimas versiones vigentes de Chrome for mobile, Firefox for mobile, Safari mobile, Opera Mini y navegador nativo de Android.<\/p>\t\t\t\t\t\t<\/div>\n\t\t\t\t<\/div>\n\t\t\t\t\t<\/div>\n\t\t<\/div>\n\t\t\t\t\t<\/div>\n\t\t<\/section>\n\t\t\t\t<\/div>\n\t\t","protected":false},"excerpt":{"rendered":"<p>The entity MARIA GABRIELA MOLISE has committed to making its website accessible in accordance with Royal Decree 1112\/2018, of September 7, on the accessibility of websites and applications for mobile devices in the public sector. .(Opens in new window) This accessibility statement applies to the website: https:\/\/mgmarquitecta.com\/ COMPLIANCE This website is partially compliant with RD [&hellip;]<\/p>\n","protected":false},"author":2,"featured_media":0,"parent":0,"menu_order":10,"comment_status":"closed","ping_status":"closed","template":"elementor_header_footer","meta":{"om_disable_all_campaigns":false,"_monsterinsights_skip_tracking":false,"_monsterinsights_sitenote_active":false,"_monsterinsights_sitenote_note":"","_monsterinsights_sitenote_category":0,"footnotes":""},"class_list":["post-857","page","type-page","status-publish","hentry"],"aioseo_notices":[],"_links":{"self":[{"href":"https:\/\/mgm-arquitectura.com\/en\/wp-json\/wp\/v2\/pages\/857","targetHints":{"allow":["GET"]}}],"collection":[{"href":"https:\/\/mgm-arquitectura.com\/en\/wp-json\/wp\/v2\/pages"}],"about":[{"href":"https:\/\/mgm-arquitectura.com\/en\/wp-json\/wp\/v2\/types\/page"}],"author":[{"embeddable":true,"href":"https:\/\/mgm-arquitectura.com\/en\/wp-json\/wp\/v2\/users\/2"}],"replies":[{"embeddable":true,"href":"https:\/\/mgm-arquitectura.com\/en\/wp-json\/wp\/v2\/comments?post=857"}],"version-history":[{"count":10,"href":"https:\/\/mgm-arquitectura.com\/en\/wp-json\/wp\/v2\/pages\/857\/revisions"}],"predecessor-version":[{"id":973,"href":"https:\/\/mgm-arquitectura.com\/en\/wp-json\/wp\/v2\/pages\/857\/revisions\/973"}],"wp:attachment":[{"href":"https:\/\/mgm-arquitectura.com\/en\/wp-json\/wp\/v2\/media?parent=857"}],"curies":[{"name":"wp","href":"https:\/\/api.w.org\/{rel}","templated":true}]}}