{"id":1193,"date":"2024-06-24T10:05:47","date_gmt":"2024-06-24T08:05:47","guid":{"rendered":"https:\/\/mgm-arquitectura.com\/?page_id=1193"},"modified":"2024-08-09T14:21:12","modified_gmt":"2024-08-09T12:21:12","slug":"piscina-y-terraza","status":"publish","type":"page","link":"https:\/\/mgm-arquitectura.com\/es\/piscina-y-terraza\/","title":{"rendered":"Piscina y Terraza"},"content":{"rendered":"<div data-elementor-type=\"wp-page\" data-elementor-id=\"1193\" class=\"elementor elementor-1193\" data-elementor-post-type=\"page\">\n\t\t\t\t\t\t<section class=\"elementor-section elementor-top-section elementor-element elementor-element-785baec6 elementor-section-height-min-height elementor-section-items-bottom elementor-section-boxed elementor-section-height-default\" data-id=\"785baec6\" data-element_type=\"section\" data-settings=\"{&quot;background_background&quot;:&quot;classic&quot;,&quot;background_motion_fx_motion_fx_scrolling&quot;:&quot;yes&quot;,&quot;background_motion_fx_translateY_effect&quot;:&quot;yes&quot;,&quot;background_motion_fx_translateY_direction&quot;:&quot;negative&quot;,&quot;background_motion_fx_translateY_speed&quot;:{&quot;unit&quot;:&quot;px&quot;,&quot;size&quot;:3,&quot;sizes&quot;:[]},&quot;background_motion_fx_translateY_affectedRange&quot;:{&quot;unit&quot;:&quot;%&quot;,&quot;size&quot;:&quot;&quot;,&quot;sizes&quot;:{&quot;start&quot;:0,&quot;end&quot;:100}},&quot;background_motion_fx_devices&quot;:[&quot;desktop&quot;,&quot;tablet&quot;,&quot;mobile&quot;]}\">\n\t\t\t\t\t\t\t<div class=\"elementor-background-overlay\"><\/div>\n\t\t\t\t\t\t\t<div class=\"elementor-container elementor-column-gap-no\">\n\t\t\t\t\t<div class=\"elementor-column elementor-col-100 elementor-top-column elementor-element elementor-element-7b322616\" data-id=\"7b322616\" data-element_type=\"column\" data-settings=\"{&quot;background_background&quot;:&quot;classic&quot;}\">\n\t\t\t<div class=\"elementor-widget-wrap elementor-element-populated\">\n\t\t\t\t\t\t<section class=\"elementor-section elementor-inner-section elementor-element elementor-element-e13be91 elementor-section-content-bottom elementor-section-boxed elementor-section-height-default elementor-section-height-default\" data-id=\"e13be91\" data-element_type=\"section\" data-settings=\"{&quot;background_background&quot;:&quot;classic&quot;}\">\n\t\t\t\t\t\t<div class=\"elementor-container elementor-column-gap-no\">\n\t\t\t\t\t<div class=\"elementor-column elementor-col-33 elementor-inner-column elementor-element elementor-element-98a08af elementor-hidden-tablet elementor-hidden-phone\" data-id=\"98a08af\" data-element_type=\"column\">\n\t\t\t<div class=\"elementor-widget-wrap\">\n\t\t\t\t\t\t\t<\/div>\n\t\t<\/div>\n\t\t\t\t<div class=\"elementor-column elementor-col-33 elementor-inner-column elementor-element elementor-element-96e16fd\" data-id=\"96e16fd\" data-element_type=\"column\">\n\t\t\t<div class=\"elementor-widget-wrap elementor-element-populated\">\n\t\t\t\t\t<div class=\"elementor-background-overlay\"><\/div>\n\t\t\t\t\t\t<div class=\"elementor-element elementor-element-47b9b1f elementor-widget elementor-widget-text-editor\" data-id=\"47b9b1f\" data-element_type=\"widget\" data-widget_type=\"text-editor.default\">\n\t\t\t\t<div class=\"elementor-widget-container\">\n\t\t\t\t\t\t\tArquitecta con m\u00e1s de 30 a\u00f1os de experiencia profesional. Implicada en cada proyecto.\t\t\t\t\t\t<\/div>\n\t\t\t\t<\/div>\n\t\t\t\t\t<\/div>\n\t\t<\/div>\n\t\t\t\t<div class=\"elementor-column elementor-col-33 elementor-inner-column elementor-element elementor-element-f763033 elementor-hidden-tablet elementor-hidden-phone\" data-id=\"f763033\" data-element_type=\"column\">\n\t\t\t<div class=\"elementor-widget-wrap\">\n\t\t\t\t\t\t\t<\/div>\n\t\t<\/div>\n\t\t\t\t\t<\/div>\n\t\t<\/section>\n\t\t\t\t\t<\/div>\n\t\t<\/div>\n\t\t\t\t\t<\/div>\n\t\t<\/section>\n\t\t\t\t<section class=\"elementor-section elementor-top-section elementor-element elementor-element-d7956b3 elementor-section-boxed elementor-section-height-default elementor-section-height-default\" data-id=\"d7956b3\" data-element_type=\"section\">\n\t\t\t\t\t\t<div class=\"elementor-container elementor-column-gap-no\">\n\t\t\t\t\t<div class=\"elementor-column elementor-col-100 elementor-top-column elementor-element elementor-element-a889002\" data-id=\"a889002\" data-element_type=\"column\">\n\t\t\t<div class=\"elementor-widget-wrap elementor-element-populated\">\n\t\t\t\t\t\t<section class=\"elementor-section elementor-inner-section elementor-element elementor-element-5fe041e elementor-section-boxed elementor-section-height-default elementor-section-height-default\" data-id=\"5fe041e\" data-element_type=\"section\">\n\t\t\t\t\t\t<div class=\"elementor-container elementor-column-gap-no\">\n\t\t\t\t\t<div class=\"elementor-column elementor-col-33 elementor-inner-column elementor-element elementor-element-8897677 elementor-hidden-tablet elementor-hidden-phone\" data-id=\"8897677\" data-element_type=\"column\">\n\t\t\t<div class=\"elementor-widget-wrap\">\n\t\t\t\t\t\t\t<\/div>\n\t\t<\/div>\n\t\t\t\t<div class=\"elementor-column elementor-col-33 elementor-inner-column elementor-element elementor-element-abcbf6f\" data-id=\"abcbf6f\" data-element_type=\"column\">\n\t\t\t<div class=\"elementor-widget-wrap elementor-element-populated\">\n\t\t\t\t\t\t<div class=\"elementor-element elementor-element-f551dfb elementor-widget elementor-widget-text-editor\" data-id=\"f551dfb\" data-element_type=\"widget\" data-widget_type=\"text-editor.default\">\n\t\t\t\t<div class=\"elementor-widget-container\">\n\t\t\t\t\t\t\tPuedo ayudarle a convertir sus sue\u00f1os en realidad, brind\u00e1ndole una experiencia perfecta.\t\t\t\t\t\t<\/div>\n\t\t\t\t<\/div>\n\t\t\t\t\t<\/div>\n\t\t<\/div>\n\t\t\t\t<div class=\"elementor-column elementor-col-33 elementor-inner-column elementor-element elementor-element-942ad3c elementor-hidden-tablet elementor-hidden-phone\" data-id=\"942ad3c\" data-element_type=\"column\">\n\t\t\t<div class=\"elementor-widget-wrap\">\n\t\t\t\t\t\t\t<\/div>\n\t\t<\/div>\n\t\t\t\t\t<\/div>\n\t\t<\/section>\n\t\t\t\t\t<\/div>\n\t\t<\/div>\n\t\t\t\t\t<\/div>\n\t\t<\/section>\n\t\t\t\t<section class=\"elementor-section elementor-top-section elementor-element elementor-element-4c1084 elementor-section-full_width elementor-section-height-default elementor-section-height-default\" data-id=\"4c1084\" data-element_type=\"section\">\n\t\t\t\t\t\t<div class=\"elementor-container elementor-column-gap-no\">\n\t\t\t\t\t<div class=\"elementor-column elementor-col-100 elementor-top-column elementor-element elementor-element-3b2db1e7\" data-id=\"3b2db1e7\" data-element_type=\"column\">\n\t\t\t<div class=\"elementor-widget-wrap elementor-element-populated\">\n\t\t\t\t\t\t<div class=\"elementor-element elementor-element-794e8226 elementor-widget elementor-widget-gallery\" data-id=\"794e8226\" data-element_type=\"widget\" data-settings=\"{&quot;gap&quot;:{&quot;unit&quot;:&quot;px&quot;,&quot;size&quot;:0,&quot;sizes&quot;:[]},&quot;aspect_ratio&quot;:&quot;1:1&quot;,&quot;columns&quot;:3,&quot;lazyload&quot;:&quot;yes&quot;,&quot;gallery_layout&quot;:&quot;grid&quot;,&quot;columns_tablet&quot;:2,&quot;columns_mobile&quot;:1,&quot;gap_tablet&quot;:{&quot;unit&quot;:&quot;px&quot;,&quot;size&quot;:10,&quot;sizes&quot;:[]},&quot;gap_mobile&quot;:{&quot;unit&quot;:&quot;px&quot;,&quot;size&quot;:10,&quot;sizes&quot;:[]},&quot;link_to&quot;:&quot;file&quot;,&quot;overlay_background&quot;:&quot;yes&quot;,&quot;content_hover_animation&quot;:&quot;fade-in&quot;}\" data-widget_type=\"gallery.default\">\n\t\t\t\t<div class=\"elementor-widget-container\">\n\t\t\t\t\t<div class=\"elementor-gallery__container\">\n\t\t\t\t\t\t\t<a class=\"e-gallery-item elementor-gallery-item elementor-animated-content\" href=\"https:\/\/mgm-arquitectura.com\/wp-content\/uploads\/2024\/06\/Imagen-de-WhatsApp-2024-01-09-a-las-11.06.22_feaa60c0.jpg\" data-elementor-open-lightbox=\"yes\" data-elementor-lightbox-title=\"Imagen de WhatsApp 2024-01-09 a las 11.06.22_feaa60c0\" data-e-action-hash=\"#elementor-action%3Aaction%3Dlightbox%26settings%3DeyJpZCI6MTE5OSwidXJsIjoiaHR0cHM6XC9cL21nbS1hcnF1aXRlY3R1cmEuY29tXC93cC1jb250ZW50XC91cGxvYWRzXC8yMDI0XC8wNlwvSW1hZ2VuLWRlLVdoYXRzQXBwLTIwMjQtMDEtMDktYS1sYXMtMTEuMDYuMjJfZmVhYTYwYzAuanBnIn0%3D\">\n\t\t\t\t\t<div class=\"e-gallery-image elementor-gallery-item__image\" data-thumbnail=\"https:\/\/mgm-arquitectura.com\/wp-content\/uploads\/2024\/06\/Imagen-de-WhatsApp-2024-01-09-a-las-11.06.22_feaa60c0.jpg\" data-width=\"2000\" data-height=\"1500\" aria-label=\"\" role=\"img\" ><\/div>\n\t\t\t\t\t\t\t\t\t\t\t<div class=\"elementor-gallery-item__overlay\"><\/div>\n\t\t\t\t\t\t\t\t\t\t\t\t\t\t<\/a>\n\t\t\t\t\t\t\t<a class=\"e-gallery-item elementor-gallery-item elementor-animated-content\" href=\"https:\/\/mgm-arquitectura.com\/wp-content\/uploads\/2024\/06\/piscina-y-terraza-8.jpg\" data-elementor-open-lightbox=\"yes\" data-elementor-lightbox-title=\"piscina y terraza 8\" data-e-action-hash=\"#elementor-action%3Aaction%3Dlightbox%26settings%3DeyJpZCI6MTE5NywidXJsIjoiaHR0cHM6XC9cL21nbS1hcnF1aXRlY3R1cmEuY29tXC93cC1jb250ZW50XC91cGxvYWRzXC8yMDI0XC8wNlwvcGlzY2luYS15LXRlcnJhemEtOC5qcGcifQ%3D%3D\">\n\t\t\t\t\t<div class=\"e-gallery-image elementor-gallery-item__image\" data-thumbnail=\"https:\/\/mgm-arquitectura.com\/wp-content\/uploads\/2024\/06\/piscina-y-terraza-8.jpg\" data-width=\"2040\" data-height=\"1530\" aria-label=\"\" role=\"img\" ><\/div>\n\t\t\t\t\t\t\t\t\t\t\t<div class=\"elementor-gallery-item__overlay\"><\/div>\n\t\t\t\t\t\t\t\t\t\t\t\t\t\t<\/a>\n\t\t\t\t\t\t\t<a class=\"e-gallery-item elementor-gallery-item elementor-animated-content\" href=\"https:\/\/mgm-arquitectura.com\/wp-content\/uploads\/2024\/06\/piscina-y-terraza-4.jpg\" data-elementor-open-lightbox=\"yes\" data-elementor-lightbox-title=\"piscina y terraza 4\" data-e-action-hash=\"#elementor-action%3Aaction%3Dlightbox%26settings%3DeyJpZCI6MTE5OCwidXJsIjoiaHR0cHM6XC9cL21nbS1hcnF1aXRlY3R1cmEuY29tXC93cC1jb250ZW50XC91cGxvYWRzXC8yMDI0XC8wNlwvcGlzY2luYS15LXRlcnJhemEtNC5qcGcifQ%3D%3D\">\n\t\t\t\t\t<div class=\"e-gallery-image elementor-gallery-item__image\" data-thumbnail=\"https:\/\/mgm-arquitectura.com\/wp-content\/uploads\/2024\/06\/piscina-y-terraza-4.jpg\" data-width=\"2000\" data-height=\"1500\" aria-label=\"\" role=\"img\" ><\/div>\n\t\t\t\t\t\t\t\t\t\t\t<div class=\"elementor-gallery-item__overlay\"><\/div>\n\t\t\t\t\t\t\t\t\t\t\t\t\t\t<\/a>\n\t\t\t\t\t\t\t<a class=\"e-gallery-item elementor-gallery-item elementor-animated-content\" href=\"https:\/\/mgm-arquitectura.com\/wp-content\/uploads\/2024\/06\/piscina-y-terraza-10.jpg\" data-elementor-open-lightbox=\"yes\" data-elementor-lightbox-title=\"piscina y terraza 10\" data-e-action-hash=\"#elementor-action%3Aaction%3Dlightbox%26settings%3DeyJpZCI6MTIwMCwidXJsIjoiaHR0cHM6XC9cL21nbS1hcnF1aXRlY3R1cmEuY29tXC93cC1jb250ZW50XC91cGxvYWRzXC8yMDI0XC8wNlwvcGlzY2luYS15LXRlcnJhemEtMTAuanBnIn0%3D\">\n\t\t\t\t\t<div class=\"e-gallery-image elementor-gallery-item__image\" data-thumbnail=\"https:\/\/mgm-arquitectura.com\/wp-content\/uploads\/2024\/06\/piscina-y-terraza-10.jpg\" data-width=\"2040\" data-height=\"1530\" aria-label=\"\" role=\"img\" ><\/div>\n\t\t\t\t\t\t\t\t\t\t\t<div class=\"elementor-gallery-item__overlay\"><\/div>\n\t\t\t\t\t\t\t\t\t\t\t\t\t\t<\/a>\n\t\t\t\t\t\t\t<a class=\"e-gallery-item elementor-gallery-item elementor-animated-content\" href=\"https:\/\/mgm-arquitectura.com\/wp-content\/uploads\/2024\/06\/piscina-y-terraza-1.jpg\" data-elementor-open-lightbox=\"yes\" data-elementor-lightbox-title=\"piscina y terraza 1\" data-e-action-hash=\"#elementor-action%3Aaction%3Dlightbox%26settings%3DeyJpZCI6MTE5NSwidXJsIjoiaHR0cHM6XC9cL21nbS1hcnF1aXRlY3R1cmEuY29tXC93cC1jb250ZW50XC91cGxvYWRzXC8yMDI0XC8wNlwvcGlzY2luYS15LXRlcnJhemEtMS5qcGcifQ%3D%3D\">\n\t\t\t\t\t<div class=\"e-gallery-image elementor-gallery-item__image\" data-thumbnail=\"https:\/\/mgm-arquitectura.com\/wp-content\/uploads\/2024\/06\/piscina-y-terraza-1.jpg\" data-width=\"2000\" data-height=\"1500\" aria-label=\"\" role=\"img\" ><\/div>\n\t\t\t\t\t\t\t\t\t\t\t<div class=\"elementor-gallery-item__overlay\"><\/div>\n\t\t\t\t\t\t\t\t\t\t\t\t\t\t<\/a>\n\t\t\t\t\t\t\t<a class=\"e-gallery-item elementor-gallery-item elementor-animated-content\" href=\"https:\/\/mgm-arquitectura.com\/wp-content\/uploads\/2024\/06\/piscina-y-terraza-11.jpg\" data-elementor-open-lightbox=\"yes\" data-elementor-lightbox-title=\"piscina y terraza 11\" data-e-action-hash=\"#elementor-action%3Aaction%3Dlightbox%26settings%3DeyJpZCI6MTE5NiwidXJsIjoiaHR0cHM6XC9cL21nbS1hcnF1aXRlY3R1cmEuY29tXC93cC1jb250ZW50XC91cGxvYWRzXC8yMDI0XC8wNlwvcGlzY2luYS15LXRlcnJhemEtMTEuanBnIn0%3D\">\n\t\t\t\t\t<div class=\"e-gallery-image elementor-gallery-item__image\" data-thumbnail=\"https:\/\/mgm-arquitectura.com\/wp-content\/uploads\/2024\/06\/piscina-y-terraza-11.jpg\" data-width=\"2000\" data-height=\"1500\" aria-label=\"\" role=\"img\" ><\/div>\n\t\t\t\t\t\t\t\t\t\t\t<div class=\"elementor-gallery-item__overlay\"><\/div>\n\t\t\t\t\t\t\t\t\t\t\t\t\t\t<\/a>\n\t\t\t\t\t<\/div>\n\t\t\t<\/div>\n\t\t\t\t<\/div>\n\t\t\t\t\t<\/div>\n\t\t<\/div>\n\t\t\t\t\t<\/div>\n\t\t<\/section>\n\t\t\t\t<section class=\"elementor-section elementor-top-section elementor-element elementor-element-3a3ced1 elementor-section-full_width elementor-section-height-default elementor-section-height-default\" data-id=\"3a3ced1\" data-element_type=\"section\">\n\t\t\t\t\t\t<div class=\"elementor-container elementor-column-gap-no\">\n\t\t\t\t\t<div class=\"elementor-column elementor-col-100 elementor-top-column elementor-element elementor-element-4df2d8c\" data-id=\"4df2d8c\" data-element_type=\"column\">\n\t\t\t<div class=\"elementor-widget-wrap elementor-element-populated\">\n\t\t\t\t\t\t<div class=\"elementor-element elementor-element-e96e4b3 elementor-widget elementor-widget-gallery\" data-id=\"e96e4b3\" data-element_type=\"widget\" data-settings=\"{&quot;gap&quot;:{&quot;unit&quot;:&quot;px&quot;,&quot;size&quot;:0,&quot;sizes&quot;:[]},&quot;aspect_ratio&quot;:&quot;1:1&quot;,&quot;columns&quot;:3,&quot;lazyload&quot;:&quot;yes&quot;,&quot;gallery_layout&quot;:&quot;grid&quot;,&quot;columns_tablet&quot;:2,&quot;columns_mobile&quot;:1,&quot;gap_tablet&quot;:{&quot;unit&quot;:&quot;px&quot;,&quot;size&quot;:10,&quot;sizes&quot;:[]},&quot;gap_mobile&quot;:{&quot;unit&quot;:&quot;px&quot;,&quot;size&quot;:10,&quot;sizes&quot;:[]},&quot;link_to&quot;:&quot;file&quot;,&quot;overlay_background&quot;:&quot;yes&quot;,&quot;content_hover_animation&quot;:&quot;fade-in&quot;}\" data-widget_type=\"gallery.default\">\n\t\t\t\t<div class=\"elementor-widget-container\">\n\t\t\t\t\t<div class=\"elementor-gallery__container\">\n\t\t\t\t\t\t\t<a class=\"e-gallery-item elementor-gallery-item elementor-animated-content\" href=\"https:\/\/mgm-arquitectura.com\/wp-content\/uploads\/2024\/08\/foto-9.jpg\" data-elementor-open-lightbox=\"yes\" data-elementor-lightbox-title=\"foto 9\" data-e-action-hash=\"#elementor-action%3Aaction%3Dlightbox%26settings%3DeyJpZCI6MTIxMywidXJsIjoiaHR0cHM6XC9cL21nbS1hcnF1aXRlY3R1cmEuY29tXC93cC1jb250ZW50XC91cGxvYWRzXC8yMDI0XC8wOFwvZm90by05LmpwZyJ9\">\n\t\t\t\t\t<div class=\"e-gallery-image elementor-gallery-item__image\" data-thumbnail=\"https:\/\/mgm-arquitectura.com\/wp-content\/uploads\/2024\/08\/foto-9.jpg\" data-width=\"2000\" data-height=\"1500\" aria-label=\"\" role=\"img\" ><\/div>\n\t\t\t\t\t\t\t\t\t\t\t<div class=\"elementor-gallery-item__overlay\"><\/div>\n\t\t\t\t\t\t\t\t\t\t\t\t\t\t<\/a>\n\t\t\t\t\t\t\t<a class=\"e-gallery-item elementor-gallery-item elementor-animated-content\" href=\"https:\/\/mgm-arquitectura.com\/wp-content\/uploads\/2024\/08\/foto-10.jpg\" data-elementor-open-lightbox=\"yes\" data-elementor-lightbox-title=\"foto 10\" data-e-action-hash=\"#elementor-action%3Aaction%3Dlightbox%26settings%3DeyJpZCI6MTIxNCwidXJsIjoiaHR0cHM6XC9cL21nbS1hcnF1aXRlY3R1cmEuY29tXC93cC1jb250ZW50XC91cGxvYWRzXC8yMDI0XC8wOFwvZm90by0xMC5qcGcifQ%3D%3D\">\n\t\t\t\t\t<div class=\"e-gallery-image elementor-gallery-item__image\" data-thumbnail=\"https:\/\/mgm-arquitectura.com\/wp-content\/uploads\/2024\/08\/foto-10.jpg\" data-width=\"2000\" data-height=\"1500\" aria-label=\"\" role=\"img\" ><\/div>\n\t\t\t\t\t\t\t\t\t\t\t<div class=\"elementor-gallery-item__overlay\"><\/div>\n\t\t\t\t\t\t\t\t\t\t\t\t\t\t<\/a>\n\t\t\t\t\t\t\t<a class=\"e-gallery-item elementor-gallery-item elementor-animated-content\" href=\"https:\/\/mgm-arquitectura.com\/wp-content\/uploads\/2024\/08\/Imagen-de-WhatsApp-2024-08-06-a-las-10.57.04_5b7f99e5.jpg\" data-elementor-open-lightbox=\"yes\" data-elementor-lightbox-title=\"Imagen de WhatsApp 2024-08-06 a las 10.57.04_5b7f99e5\" data-e-action-hash=\"#elementor-action%3Aaction%3Dlightbox%26settings%3DeyJpZCI6MTIxNSwidXJsIjoiaHR0cHM6XC9cL21nbS1hcnF1aXRlY3R1cmEuY29tXC93cC1jb250ZW50XC91cGxvYWRzXC8yMDI0XC8wOFwvSW1hZ2VuLWRlLVdoYXRzQXBwLTIwMjQtMDgtMDYtYS1sYXMtMTAuNTcuMDRfNWI3Zjk5ZTUuanBnIn0%3D\">\n\t\t\t\t\t<div class=\"e-gallery-image elementor-gallery-item__image\" data-thumbnail=\"https:\/\/mgm-arquitectura.com\/wp-content\/uploads\/2024\/08\/Imagen-de-WhatsApp-2024-08-06-a-las-10.57.04_5b7f99e5.jpg\" data-width=\"2000\" data-height=\"1500\" aria-label=\"\" role=\"img\" ><\/div>\n\t\t\t\t\t\t\t\t\t\t\t<div class=\"elementor-gallery-item__overlay\"><\/div>\n\t\t\t\t\t\t\t\t\t\t\t\t\t\t<\/a>\n\t\t\t\t\t\t\t<a class=\"e-gallery-item elementor-gallery-item elementor-animated-content\" href=\"https:\/\/mgm-arquitectura.com\/wp-content\/uploads\/2024\/08\/Imagen-de-WhatsApp-2024-08-06-a-las-10.57.12_2c14f22b.jpg\" data-elementor-open-lightbox=\"yes\" data-elementor-lightbox-title=\"Imagen de WhatsApp 2024-08-06 a las 10.57.12_2c14f22b\" data-e-action-hash=\"#elementor-action%3Aaction%3Dlightbox%26settings%3DeyJpZCI6MTIxNiwidXJsIjoiaHR0cHM6XC9cL21nbS1hcnF1aXRlY3R1cmEuY29tXC93cC1jb250ZW50XC91cGxvYWRzXC8yMDI0XC8wOFwvSW1hZ2VuLWRlLVdoYXRzQXBwLTIwMjQtMDgtMDYtYS1sYXMtMTAuNTcuMTJfMmMxNGYyMmIuanBnIn0%3D\">\n\t\t\t\t\t<div class=\"e-gallery-image elementor-gallery-item__image\" data-thumbnail=\"https:\/\/mgm-arquitectura.com\/wp-content\/uploads\/2024\/08\/Imagen-de-WhatsApp-2024-08-06-a-las-10.57.12_2c14f22b.jpg\" data-width=\"2000\" data-height=\"1500\" aria-label=\"\" role=\"img\" ><\/div>\n\t\t\t\t\t\t\t\t\t\t\t<div class=\"elementor-gallery-item__overlay\"><\/div>\n\t\t\t\t\t\t\t\t\t\t\t\t\t\t<\/a>\n\t\t\t\t\t\t\t<a class=\"e-gallery-item elementor-gallery-item elementor-animated-content\" href=\"https:\/\/mgm-arquitectura.com\/wp-content\/uploads\/2024\/08\/Imagen-de-WhatsApp-2024-08-06-a-las-10.57.13_cebf2df4.jpg\" data-elementor-open-lightbox=\"yes\" data-elementor-lightbox-title=\"Imagen de WhatsApp 2024-08-06 a las 10.57.13_cebf2df4\" data-e-action-hash=\"#elementor-action%3Aaction%3Dlightbox%26settings%3DeyJpZCI6MTIxNywidXJsIjoiaHR0cHM6XC9cL21nbS1hcnF1aXRlY3R1cmEuY29tXC93cC1jb250ZW50XC91cGxvYWRzXC8yMDI0XC8wOFwvSW1hZ2VuLWRlLVdoYXRzQXBwLTIwMjQtMDgtMDYtYS1sYXMtMTAuNTcuMTNfY2ViZjJkZjQuanBnIn0%3D\">\n\t\t\t\t\t<div class=\"e-gallery-image elementor-gallery-item__image\" data-thumbnail=\"https:\/\/mgm-arquitectura.com\/wp-content\/uploads\/2024\/08\/Imagen-de-WhatsApp-2024-08-06-a-las-10.57.13_cebf2df4.jpg\" data-width=\"2000\" data-height=\"1500\" aria-label=\"\" role=\"img\" ><\/div>\n\t\t\t\t\t\t\t\t\t\t\t<div class=\"elementor-gallery-item__overlay\"><\/div>\n\t\t\t\t\t\t\t\t\t\t\t\t\t\t<\/a>\n\t\t\t\t\t\t\t<a class=\"e-gallery-item elementor-gallery-item elementor-animated-content\" href=\"https:\/\/mgm-arquitectura.com\/wp-content\/uploads\/2024\/08\/Imagen-de-WhatsApp-2024-08-06-a-las-10.57.13_dc5f64fc.jpg\" data-elementor-open-lightbox=\"yes\" data-elementor-lightbox-title=\"Imagen de WhatsApp 2024-08-06 a las 10.57.13_dc5f64fc\" data-e-action-hash=\"#elementor-action%3Aaction%3Dlightbox%26settings%3DeyJpZCI6MTIxOCwidXJsIjoiaHR0cHM6XC9cL21nbS1hcnF1aXRlY3R1cmEuY29tXC93cC1jb250ZW50XC91cGxvYWRzXC8yMDI0XC8wOFwvSW1hZ2VuLWRlLVdoYXRzQXBwLTIwMjQtMDgtMDYtYS1sYXMtMTAuNTcuMTNfZGM1ZjY0ZmMuanBnIn0%3D\">\n\t\t\t\t\t<div class=\"e-gallery-image elementor-gallery-item__image\" data-thumbnail=\"https:\/\/mgm-arquitectura.com\/wp-content\/uploads\/2024\/08\/Imagen-de-WhatsApp-2024-08-06-a-las-10.57.13_dc5f64fc.jpg\" data-width=\"2000\" data-height=\"1500\" aria-label=\"\" role=\"img\" ><\/div>\n\t\t\t\t\t\t\t\t\t\t\t<div class=\"elementor-gallery-item__overlay\"><\/div>\n\t\t\t\t\t\t\t\t\t\t\t\t\t\t<\/a>\n\t\t\t\t\t<\/div>\n\t\t\t<\/div>\n\t\t\t\t<\/div>\n\t\t\t\t\t<\/div>\n\t\t<\/div>\n\t\t\t\t\t<\/div>\n\t\t<\/section>\n\t\t\t\t<\/div>","protected":false},"excerpt":{"rendered":"<p>Arquitecto con m\u00e1s de 30 a\u00f1os de experiencia profesional. Involucrado en cada proyecto.puedo ayudarle a convertir sus sue\u00f1os en realidad, d\u00e1ndole una experiencia perfecta.<\/p>","protected":false},"author":3,"featured_media":0,"parent":0,"menu_order":5,"comment_status":"closed","ping_status":"closed","template":"elementor_header_footer","meta":{"om_disable_all_campaigns":false,"_monsterinsights_skip_tracking":false,"_monsterinsights_sitenote_active":false,"_monsterinsights_sitenote_note":"","_monsterinsights_sitenote_category":0,"footnotes":""},"class_list":["post-1193","page","type-page","status-publish","hentry"],"aioseo_notices":[],"_links":{"self":[{"href":"https:\/\/mgm-arquitectura.com\/es\/wp-json\/wp\/v2\/pages\/1193","targetHints":{"allow":["GET"]}}],"collection":[{"href":"https:\/\/mgm-arquitectura.com\/es\/wp-json\/wp\/v2\/pages"}],"about":[{"href":"https:\/\/mgm-arquitectura.com\/es\/wp-json\/wp\/v2\/types\/page"}],"author":[{"embeddable":true,"href":"https:\/\/mgm-arquitectura.com\/es\/wp-json\/wp\/v2\/users\/3"}],"replies":[{"embeddable":true,"href":"https:\/\/mgm-arquitectura.com\/es\/wp-json\/wp\/v2\/comments?post=1193"}],"version-history":[{"count":11,"href":"https:\/\/mgm-arquitectura.com\/es\/wp-json\/wp\/v2\/pages\/1193\/revisions"}],"predecessor-version":[{"id":1222,"href":"https:\/\/mgm-arquitectura.com\/es\/wp-json\/wp\/v2\/pages\/1193\/revisions\/1222"}],"wp:attachment":[{"href":"https:\/\/mgm-arquitectura.com\/es\/wp-json\/wp\/v2\/media?parent=1193"}],"curies":[{"name":"wp","href":"https:\/\/api.w.org\/{rel}","templated":true}]}}