{"id":1356,"date":"2026-05-12T19:06:24","date_gmt":"2026-05-12T17:06:24","guid":{"rendered":"https:\/\/mgm-arquitectura.com\/?page_id=1356"},"modified":"2026-05-12T19:11:23","modified_gmt":"2026-05-12T17:11:23","slug":"summer-kitchen-in-moraira","status":"publish","type":"page","link":"https:\/\/mgm-arquitectura.com\/es\/summer-kitchen-in-moraira\/","title":{"rendered":"Cocina de verano en Moraira"},"content":{"rendered":"\t\t<div data-elementor-type=\"wp-page\" data-elementor-id=\"1356\" class=\"elementor elementor-1356\" data-elementor-post-type=\"page\">\n\t\t\t\t\t\t<section class=\"elementor-section elementor-top-section elementor-element elementor-element-785baec6 elementor-section-height-min-height elementor-section-items-bottom elementor-section-boxed elementor-section-height-default\" data-id=\"785baec6\" data-element_type=\"section\" data-settings=\"{&quot;background_background&quot;:&quot;classic&quot;,&quot;background_motion_fx_motion_fx_scrolling&quot;:&quot;yes&quot;,&quot;background_motion_fx_translateY_effect&quot;:&quot;yes&quot;,&quot;background_motion_fx_translateY_direction&quot;:&quot;negative&quot;,&quot;background_motion_fx_translateY_speed&quot;:{&quot;unit&quot;:&quot;px&quot;,&quot;size&quot;:3,&quot;sizes&quot;:[]},&quot;background_motion_fx_translateY_affectedRange&quot;:{&quot;unit&quot;:&quot;%&quot;,&quot;size&quot;:&quot;&quot;,&quot;sizes&quot;:{&quot;start&quot;:0,&quot;end&quot;:100}},&quot;background_motion_fx_devices&quot;:[&quot;desktop&quot;,&quot;tablet&quot;,&quot;mobile&quot;]}\">\n\t\t\t\t\t\t\t<div class=\"elementor-background-overlay\"><\/div>\n\t\t\t\t\t\t\t<div class=\"elementor-container elementor-column-gap-no\">\n\t\t\t\t\t<div class=\"elementor-column elementor-col-100 elementor-top-column elementor-element elementor-element-7b322616\" data-id=\"7b322616\" data-element_type=\"column\" data-settings=\"{&quot;background_background&quot;:&quot;classic&quot;}\">\n\t\t\t<div class=\"elementor-widget-wrap elementor-element-populated\">\n\t\t\t\t\t\t<section class=\"elementor-section elementor-inner-section elementor-element elementor-element-e13be91 elementor-section-content-bottom elementor-section-boxed elementor-section-height-default elementor-section-height-default\" data-id=\"e13be91\" data-element_type=\"section\" data-settings=\"{&quot;background_background&quot;:&quot;classic&quot;}\">\n\t\t\t\t\t\t<div class=\"elementor-container elementor-column-gap-no\">\n\t\t\t\t\t<div class=\"elementor-column elementor-col-33 elementor-inner-column elementor-element elementor-element-98a08af elementor-hidden-tablet elementor-hidden-phone\" data-id=\"98a08af\" data-element_type=\"column\">\n\t\t\t<div class=\"elementor-widget-wrap\">\n\t\t\t\t\t\t\t<\/div>\n\t\t<\/div>\n\t\t\t\t<div class=\"elementor-column elementor-col-33 elementor-inner-column elementor-element elementor-element-96e16fd\" data-id=\"96e16fd\" data-element_type=\"column\">\n\t\t\t<div class=\"elementor-widget-wrap elementor-element-populated\">\n\t\t\t\t\t<div class=\"elementor-background-overlay\"><\/div>\n\t\t\t\t\t\t<div class=\"elementor-element elementor-element-47b9b1f elementor-widget elementor-widget-text-editor\" data-id=\"47b9b1f\" data-element_type=\"widget\" data-widget_type=\"text-editor.default\">\n\t\t\t\t<div class=\"elementor-widget-container\">\n\t\t\t\t\t\t\tArchitect with more than 30 years of professional experience. Involved in each project.\t\t\t\t\t\t<\/div>\n\t\t\t\t<\/div>\n\t\t\t\t\t<\/div>\n\t\t<\/div>\n\t\t\t\t<div class=\"elementor-column elementor-col-33 elementor-inner-column elementor-element elementor-element-f763033 elementor-hidden-tablet elementor-hidden-phone\" data-id=\"f763033\" data-element_type=\"column\">\n\t\t\t<div class=\"elementor-widget-wrap\">\n\t\t\t\t\t\t\t<\/div>\n\t\t<\/div>\n\t\t\t\t\t<\/div>\n\t\t<\/section>\n\t\t\t\t\t<\/div>\n\t\t<\/div>\n\t\t\t\t\t<\/div>\n\t\t<\/section>\n\t\t\t\t<section class=\"elementor-section elementor-top-section elementor-element elementor-element-d7956b3 elementor-section-boxed elementor-section-height-default elementor-section-height-default\" data-id=\"d7956b3\" data-element_type=\"section\">\n\t\t\t\t\t\t<div class=\"elementor-container elementor-column-gap-no\">\n\t\t\t\t\t<div class=\"elementor-column elementor-col-100 elementor-top-column elementor-element elementor-element-a889002\" data-id=\"a889002\" data-element_type=\"column\">\n\t\t\t<div class=\"elementor-widget-wrap elementor-element-populated\">\n\t\t\t\t\t\t<section class=\"elementor-section elementor-inner-section elementor-element elementor-element-5fe041e elementor-section-boxed elementor-section-height-default elementor-section-height-default\" data-id=\"5fe041e\" data-element_type=\"section\">\n\t\t\t\t\t\t<div class=\"elementor-container elementor-column-gap-no\">\n\t\t\t\t\t<div class=\"elementor-column elementor-col-33 elementor-inner-column elementor-element elementor-element-8897677 elementor-hidden-tablet elementor-hidden-phone\" data-id=\"8897677\" data-element_type=\"column\">\n\t\t\t<div class=\"elementor-widget-wrap\">\n\t\t\t\t\t\t\t<\/div>\n\t\t<\/div>\n\t\t\t\t<div class=\"elementor-column elementor-col-33 elementor-inner-column elementor-element elementor-element-abcbf6f\" data-id=\"abcbf6f\" data-element_type=\"column\">\n\t\t\t<div class=\"elementor-widget-wrap elementor-element-populated\">\n\t\t\t\t\t\t<div class=\"elementor-element elementor-element-f551dfb elementor-widget elementor-widget-text-editor\" data-id=\"f551dfb\" data-element_type=\"widget\" data-widget_type=\"text-editor.default\">\n\t\t\t\t<div class=\"elementor-widget-container\">\n\t\t\t\t\t\t\tI can help you turn your dreams into reality, giving you a perfect experience.\t\t\t\t\t\t<\/div>\n\t\t\t\t<\/div>\n\t\t\t\t\t<\/div>\n\t\t<\/div>\n\t\t\t\t<div class=\"elementor-column elementor-col-33 elementor-inner-column elementor-element elementor-element-942ad3c elementor-hidden-tablet elementor-hidden-phone\" data-id=\"942ad3c\" data-element_type=\"column\">\n\t\t\t<div class=\"elementor-widget-wrap\">\n\t\t\t\t\t\t\t<\/div>\n\t\t<\/div>\n\t\t\t\t\t<\/div>\n\t\t<\/section>\n\t\t\t\t\t<\/div>\n\t\t<\/div>\n\t\t\t\t\t<\/div>\n\t\t<\/section>\n\t\t\t\t<section class=\"elementor-section elementor-top-section elementor-element elementor-element-4c1084 elementor-section-full_width elementor-section-height-default elementor-section-height-default\" data-id=\"4c1084\" data-element_type=\"section\">\n\t\t\t\t\t\t<div class=\"elementor-container elementor-column-gap-no\">\n\t\t\t\t\t<div class=\"elementor-column elementor-col-100 elementor-top-column elementor-element elementor-element-3b2db1e7\" data-id=\"3b2db1e7\" data-element_type=\"column\">\n\t\t\t<div class=\"elementor-widget-wrap elementor-element-populated\">\n\t\t\t\t\t\t<div class=\"elementor-element elementor-element-794e8226 elementor-widget elementor-widget-gallery\" data-id=\"794e8226\" data-element_type=\"widget\" data-settings=\"{&quot;gap&quot;:{&quot;unit&quot;:&quot;px&quot;,&quot;size&quot;:0,&quot;sizes&quot;:[]},&quot;aspect_ratio&quot;:&quot;1:1&quot;,&quot;lazyload&quot;:&quot;yes&quot;,&quot;gallery_layout&quot;:&quot;grid&quot;,&quot;columns&quot;:4,&quot;columns_tablet&quot;:2,&quot;columns_mobile&quot;:1,&quot;gap_tablet&quot;:{&quot;unit&quot;:&quot;px&quot;,&quot;size&quot;:10,&quot;sizes&quot;:[]},&quot;gap_mobile&quot;:{&quot;unit&quot;:&quot;px&quot;,&quot;size&quot;:10,&quot;sizes&quot;:[]},&quot;link_to&quot;:&quot;file&quot;,&quot;overlay_background&quot;:&quot;yes&quot;,&quot;content_hover_animation&quot;:&quot;fade-in&quot;}\" data-widget_type=\"gallery.default\">\n\t\t\t\t<div class=\"elementor-widget-container\">\n\t\t\t\t\t<div class=\"elementor-gallery__container\">\n\t\t\t\t\t\t\t<a class=\"e-gallery-item elementor-gallery-item elementor-animated-content\" href=\"https:\/\/mgm-arquitectura.com\/wp-content\/uploads\/2026\/05\/before1-scaled.jpg\" data-elementor-open-lightbox=\"yes\" data-elementor-lightbox-title=\"before1\" data-e-action-hash=\"#elementor-action%3Aaction%3Dlightbox%26settings%3DeyJpZCI6MTM1OSwidXJsIjoiaHR0cHM6XC9cL21nbS1hcnF1aXRlY3R1cmEuY29tXC93cC1jb250ZW50XC91cGxvYWRzXC8yMDI2XC8wNVwvYmVmb3JlMS1zY2FsZWQuanBnIn0%3D\">\n\t\t\t\t\t<div class=\"e-gallery-image elementor-gallery-item__image\" data-thumbnail=\"https:\/\/mgm-arquitectura.com\/wp-content\/uploads\/2026\/05\/before1-scaled.jpg\" data-width=\"2560\" data-height=\"1920\" aria-label=\"Backyard garden with white walls, gravel ground, and a small white brick grill in the center surrounded by stone borders and agave plants, with tall trees in the background.\" role=\"img\" ><\/div>\n\t\t\t\t\t\t\t\t\t\t\t<div class=\"elementor-gallery-item__overlay\"><\/div>\n\t\t\t\t\t\t\t\t\t\t\t\t\t\t<\/a>\n\t\t\t\t\t\t\t<a class=\"e-gallery-item elementor-gallery-item elementor-animated-content\" href=\"https:\/\/mgm-arquitectura.com\/wp-content\/uploads\/2026\/05\/before2-scaled.jpg\" data-elementor-open-lightbox=\"yes\" data-elementor-lightbox-title=\"before2\" data-e-action-hash=\"#elementor-action%3Aaction%3Dlightbox%26settings%3DeyJpZCI6MTM2MCwidXJsIjoiaHR0cHM6XC9cL21nbS1hcnF1aXRlY3R1cmEuY29tXC93cC1jb250ZW50XC91cGxvYWRzXC8yMDI2XC8wNVwvYmVmb3JlMi1zY2FsZWQuanBnIn0%3D\">\n\t\t\t\t\t<div class=\"e-gallery-image elementor-gallery-item__image\" data-thumbnail=\"https:\/\/mgm-arquitectura.com\/wp-content\/uploads\/2026\/05\/before2-scaled.jpg\" data-width=\"2560\" data-height=\"1920\" aria-label=\"Backyard garden with a stone path, gravel ground, and a staircase descending from a white wall, surrounded by desert plants and a large palm tree on the right.\" role=\"img\" ><\/div>\n\t\t\t\t\t\t\t\t\t\t\t<div class=\"elementor-gallery-item__overlay\"><\/div>\n\t\t\t\t\t\t\t\t\t\t\t\t\t\t<\/a>\n\t\t\t\t\t\t\t<a class=\"e-gallery-item elementor-gallery-item elementor-animated-content\" href=\"https:\/\/mgm-arquitectura.com\/wp-content\/uploads\/2026\/05\/foto-1.jpeg\" data-elementor-open-lightbox=\"yes\" data-elementor-lightbox-title=\"foto 1\" data-e-action-hash=\"#elementor-action%3Aaction%3Dlightbox%26settings%3DeyJpZCI6MTM2MSwidXJsIjoiaHR0cHM6XC9cL21nbS1hcnF1aXRlY3R1cmEuY29tXC93cC1jb250ZW50XC91cGxvYWRzXC8yMDI2XC8wNVwvZm90by0xLmpwZWcifQ%3D%3D\">\n\t\t\t\t\t<div class=\"e-gallery-image elementor-gallery-item__image\" data-thumbnail=\"https:\/\/mgm-arquitectura.com\/wp-content\/uploads\/2026\/05\/foto-1.jpeg\" data-width=\"1600\" data-height=\"1200\" aria-label=\"Outdoor patio with a wooden pergola over a white kitchen island and bar stools, stone-tiled flooring, and surrounding white walls.\" role=\"img\" ><\/div>\n\t\t\t\t\t\t\t\t\t\t\t<div class=\"elementor-gallery-item__overlay\"><\/div>\n\t\t\t\t\t\t\t\t\t\t\t\t\t\t<\/a>\n\t\t\t\t\t\t\t<a class=\"e-gallery-item elementor-gallery-item elementor-animated-content\" href=\"https:\/\/mgm-arquitectura.com\/wp-content\/uploads\/2026\/05\/foto-2Terminado.jpeg\" data-elementor-open-lightbox=\"yes\" data-elementor-lightbox-title=\"foto 2Terminado\" data-e-action-hash=\"#elementor-action%3Aaction%3Dlightbox%26settings%3DeyJpZCI6MTM2MiwidXJsIjoiaHR0cHM6XC9cL21nbS1hcnF1aXRlY3R1cmEuY29tXC93cC1jb250ZW50XC91cGxvYWRzXC8yMDI2XC8wNVwvZm90by0yVGVybWluYWRvLmpwZWcifQ%3D%3D\">\n\t\t\t\t\t<div class=\"e-gallery-image elementor-gallery-item__image\" data-thumbnail=\"https:\/\/mgm-arquitectura.com\/wp-content\/uploads\/2026\/05\/foto-2Terminado.jpeg\" data-width=\"1600\" data-height=\"1200\" aria-label=\"Wooden pergola over a white concrete seating nook on a stone-paved patio, with a gray lounge chair, white lattice wall fencing, and orange tree in a desert garden.\" role=\"img\" ><\/div>\n\t\t\t\t\t\t\t\t\t\t\t<div class=\"elementor-gallery-item__overlay\"><\/div>\n\t\t\t\t\t\t\t\t\t\t\t\t\t\t<\/a>\n\t\t\t\t\t\t\t<a class=\"e-gallery-item elementor-gallery-item elementor-animated-content\" href=\"https:\/\/mgm-arquitectura.com\/wp-content\/uploads\/2026\/05\/foto-3-Terminado.jpeg\" data-elementor-open-lightbox=\"yes\" data-elementor-lightbox-title=\"foto 3 Terminado\" data-e-action-hash=\"#elementor-action%3Aaction%3Dlightbox%26settings%3DeyJpZCI6MTM2MywidXJsIjoiaHR0cHM6XC9cL21nbS1hcnF1aXRlY3R1cmEuY29tXC93cC1jb250ZW50XC91cGxvYWRzXC8yMDI2XC8wNVwvZm90by0zLVRlcm1pbmFkby5qcGVnIn0%3D\">\n\t\t\t\t\t<div class=\"e-gallery-image elementor-gallery-item__image\" data-thumbnail=\"https:\/\/mgm-arquitectura.com\/wp-content\/uploads\/2026\/05\/foto-3-Terminado.jpeg\" data-width=\"1600\" data-height=\"1200\" aria-label=\"Outdoor patio with a wooden pergola, a white counter\/bar area and four bar stools around a white table set, grilling station in the background.\" role=\"img\" ><\/div>\n\t\t\t\t\t\t\t\t\t\t\t<div class=\"elementor-gallery-item__overlay\"><\/div>\n\t\t\t\t\t\t\t\t\t\t\t\t\t\t<\/a>\n\t\t\t\t\t\t\t<a class=\"e-gallery-item elementor-gallery-item elementor-animated-content\" href=\"https:\/\/mgm-arquitectura.com\/wp-content\/uploads\/2026\/05\/foto-4-Terminado.jpeg\" data-elementor-open-lightbox=\"yes\" data-elementor-lightbox-title=\"foto 4 Terminado\" data-e-action-hash=\"#elementor-action%3Aaction%3Dlightbox%26settings%3DeyJpZCI6MTM2NCwidXJsIjoiaHR0cHM6XC9cL21nbS1hcnF1aXRlY3R1cmEuY29tXC93cC1jb250ZW50XC91cGxvYWRzXC8yMDI2XC8wNVwvZm90by00LVRlcm1pbmFkby5qcGVnIn0%3D\">\n\t\t\t\t\t<div class=\"e-gallery-image elementor-gallery-item__image\" data-thumbnail=\"https:\/\/mgm-arquitectura.com\/wp-content\/uploads\/2026\/05\/foto-4-Terminado.jpeg\" data-width=\"1600\" data-height=\"1200\" aria-label=\"Outdoor dining area with white tables and chairs under wooden pergolas; grill station in the back left.\" role=\"img\" ><\/div>\n\t\t\t\t\t\t\t\t\t\t\t<div class=\"elementor-gallery-item__overlay\"><\/div>\n\t\t\t\t\t\t\t\t\t\t\t\t\t\t<\/a>\n\t\t\t\t\t\t\t<a class=\"e-gallery-item elementor-gallery-item elementor-animated-content\" href=\"https:\/\/mgm-arquitectura.com\/wp-content\/uploads\/2026\/05\/foto-5-Terminado.jpeg\" data-elementor-open-lightbox=\"yes\" data-elementor-lightbox-title=\"foto 5 Terminado\" data-e-action-hash=\"#elementor-action%3Aaction%3Dlightbox%26settings%3DeyJpZCI6MTM2NSwidXJsIjoiaHR0cHM6XC9cL21nbS1hcnF1aXRlY3R1cmEuY29tXC93cC1jb250ZW50XC91cGxvYWRzXC8yMDI2XC8wNVwvZm90by01LVRlcm1pbmFkby5qcGVnIn0%3D\">\n\t\t\t\t\t<div class=\"e-gallery-image elementor-gallery-item__image\" data-thumbnail=\"https:\/\/mgm-arquitectura.com\/wp-content\/uploads\/2026\/05\/foto-5-Terminado.jpeg\" data-width=\"1600\" data-height=\"1200\" aria-label=\"Outdoor patio with a wooden pergola over a white dining table and white chairs on pale stone tiles, trees in the background.\" role=\"img\" ><\/div>\n\t\t\t\t\t\t\t\t\t\t\t<div class=\"elementor-gallery-item__overlay\"><\/div>\n\t\t\t\t\t\t\t\t\t\t\t\t\t\t<\/a>\n\t\t\t\t\t\t\t<a class=\"e-gallery-item elementor-gallery-item elementor-animated-content\" href=\"https:\/\/mgm-arquitectura.com\/wp-content\/uploads\/2026\/05\/foto-6-Terminado.jpeg\" data-elementor-open-lightbox=\"yes\" data-elementor-lightbox-title=\"foto 6 Terminado\" data-e-action-hash=\"#elementor-action%3Aaction%3Dlightbox%26settings%3DeyJpZCI6MTM2NiwidXJsIjoiaHR0cHM6XC9cL21nbS1hcnF1aXRlY3R1cmEuY29tXC93cC1jb250ZW50XC91cGxvYWRzXC8yMDI2XC8wNVwvZm90by02LVRlcm1pbmFkby5qcGVnIn0%3D\">\n\t\t\t\t\t<div class=\"e-gallery-image elementor-gallery-item__image\" data-thumbnail=\"https:\/\/mgm-arquitectura.com\/wp-content\/uploads\/2026\/05\/foto-6-Terminado.jpeg\" data-width=\"1600\" data-height=\"1200\" aria-label=\"Wooden pergola over a long white outdoor dining table with white chairs on a tiled patio; trees in the background and an outdoor kitchen area to the left.\" role=\"img\" ><\/div>\n\t\t\t\t\t\t\t\t\t\t\t<div class=\"elementor-gallery-item__overlay\"><\/div>\n\t\t\t\t\t\t\t\t\t\t\t\t\t\t<\/a>\n\t\t\t\t\t<\/div>\n\t\t\t<\/div>\n\t\t\t\t<\/div>\n\t\t\t\t\t<\/div>\n\t\t<\/div>\n\t\t\t\t\t<\/div>\n\t\t<\/section>\n\t\t\t\t<\/div>\n\t\t","protected":false},"excerpt":{"rendered":"<p>Arquitecto con m\u00e1s de 30 a\u00f1os de experiencia profesional. Involucrado en cada proyecto.puedo ayudarle a convertir sus sue\u00f1os en realidad, d\u00e1ndole una experiencia perfecta.<\/p>","protected":false},"author":3,"featured_media":0,"parent":0,"menu_order":5,"comment_status":"closed","ping_status":"closed","template":"elementor_header_footer","meta":{"om_disable_all_campaigns":false,"_monsterinsights_skip_tracking":false,"_monsterinsights_sitenote_active":false,"_monsterinsights_sitenote_note":"","_monsterinsights_sitenote_category":0,"footnotes":""},"class_list":["post-1356","page","type-page","status-publish","hentry"],"aioseo_notices":[],"_links":{"self":[{"href":"https:\/\/mgm-arquitectura.com\/es\/wp-json\/wp\/v2\/pages\/1356","targetHints":{"allow":["GET"]}}],"collection":[{"href":"https:\/\/mgm-arquitectura.com\/es\/wp-json\/wp\/v2\/pages"}],"about":[{"href":"https:\/\/mgm-arquitectura.com\/es\/wp-json\/wp\/v2\/types\/page"}],"author":[{"embeddable":true,"href":"https:\/\/mgm-arquitectura.com\/es\/wp-json\/wp\/v2\/users\/3"}],"replies":[{"embeddable":true,"href":"https:\/\/mgm-arquitectura.com\/es\/wp-json\/wp\/v2\/comments?post=1356"}],"version-history":[{"count":7,"href":"https:\/\/mgm-arquitectura.com\/es\/wp-json\/wp\/v2\/pages\/1356\/revisions"}],"predecessor-version":[{"id":1374,"href":"https:\/\/mgm-arquitectura.com\/es\/wp-json\/wp\/v2\/pages\/1356\/revisions\/1374"}],"wp:attachment":[{"href":"https:\/\/mgm-arquitectura.com\/es\/wp-json\/wp\/v2\/media?parent=1356"}],"curies":[{"name":"wp","href":"https:\/\/api.w.org\/{rel}","templated":true}]}}