{"id":30,"date":"2023-10-16T23:06:52","date_gmt":"2023-10-16T21:06:52","guid":{"rendered":"https:\/\/mgmarquitecta.com\/?page_id=30"},"modified":"2025-05-23T12:59:01","modified_gmt":"2025-05-23T10:59:01","slug":"a-propos-de","status":"publish","type":"page","link":"https:\/\/mgm-arquitectura.com\/fr\/a-propos-de\/","title":{"rendered":"\u00c0 propos de moi"},"content":{"rendered":"<div data-elementor-type=\"wp-page\" data-elementor-id=\"30\" class=\"elementor elementor-30\" data-elementor-post-type=\"page\">\n\t\t\t\t\t\t<section class=\"elementor-section elementor-top-section elementor-element elementor-element-4134d31e elementor-section-height-min-height elementor-section-items-bottom elementor-section-boxed elementor-section-height-default\" data-id=\"4134d31e\" data-element_type=\"section\" data-settings=\"{&quot;background_background&quot;:&quot;classic&quot;,&quot;background_motion_fx_motion_fx_scrolling&quot;:&quot;yes&quot;,&quot;background_motion_fx_translateY_effect&quot;:&quot;yes&quot;,&quot;background_motion_fx_translateY_direction&quot;:&quot;negative&quot;,&quot;background_motion_fx_translateY_speed&quot;:{&quot;unit&quot;:&quot;px&quot;,&quot;size&quot;:3,&quot;sizes&quot;:[]},&quot;background_motion_fx_translateY_affectedRange&quot;:{&quot;unit&quot;:&quot;%&quot;,&quot;size&quot;:&quot;&quot;,&quot;sizes&quot;:{&quot;start&quot;:0,&quot;end&quot;:100}},&quot;background_motion_fx_devices&quot;:[&quot;desktop&quot;,&quot;tablet&quot;,&quot;mobile&quot;]}\">\n\t\t\t\t\t\t\t<div class=\"elementor-background-overlay\"><\/div>\n\t\t\t\t\t\t\t<div class=\"elementor-container elementor-column-gap-no\">\n\t\t\t\t\t<div class=\"elementor-column elementor-col-100 elementor-top-column elementor-element elementor-element-376c6e19\" data-id=\"376c6e19\" data-element_type=\"column\" data-settings=\"{&quot;background_background&quot;:&quot;classic&quot;}\">\n\t\t\t<div class=\"elementor-widget-wrap elementor-element-populated\">\n\t\t\t\t\t\t<section class=\"elementor-section elementor-inner-section elementor-element elementor-element-6974a7e3 elementor-section-content-bottom elementor-section-boxed elementor-section-height-default elementor-section-height-default\" data-id=\"6974a7e3\" data-element_type=\"section\" data-settings=\"{&quot;background_background&quot;:&quot;classic&quot;}\">\n\t\t\t\t\t\t<div class=\"elementor-container elementor-column-gap-no\">\n\t\t\t\t\t<div class=\"elementor-column elementor-col-33 elementor-inner-column elementor-element elementor-element-5698c869 elementor-hidden-tablet elementor-hidden-phone\" data-id=\"5698c869\" data-element_type=\"column\">\n\t\t\t<div class=\"elementor-widget-wrap\">\n\t\t\t\t\t\t\t<\/div>\n\t\t<\/div>\n\t\t\t\t<div class=\"elementor-column elementor-col-33 elementor-inner-column elementor-element elementor-element-1003b354\" data-id=\"1003b354\" data-element_type=\"column\">\n\t\t\t<div class=\"elementor-widget-wrap elementor-element-populated\">\n\t\t\t\t\t<div class=\"elementor-background-overlay\"><\/div>\n\t\t\t\t\t\t<div class=\"elementor-element elementor-element-68c1dfa6 elementor-widget elementor-widget-heading\" data-id=\"68c1dfa6\" data-element_type=\"widget\" data-widget_type=\"heading.default\">\n\t\t\t\t<div class=\"elementor-widget-container\">\n\t\t\t<h1 class=\"elementor-heading-title elementor-size-default\">\u00c0 propos de moi<\/h1>\t\t<\/div>\n\t\t\t\t<\/div>\n\t\t\t\t<div class=\"elementor-element elementor-element-6184f219 elementor-widget elementor-widget-text-editor\" data-id=\"6184f219\" data-element_type=\"widget\" data-widget_type=\"text-editor.default\">\n\t\t\t\t<div class=\"elementor-widget-container\">\n\t\t\t\t\t\t\t<p>Architecte bas\u00e9 \u00e0 Benissa avec plus de 30 ans d'exp\u00e9rience professionnelle.<\/p>\t\t\t\t\t\t<\/div>\n\t\t\t\t<\/div>\n\t\t\t\t\t<\/div>\n\t\t<\/div>\n\t\t\t\t<div class=\"elementor-column elementor-col-33 elementor-inner-column elementor-element elementor-element-61385fdd elementor-hidden-tablet elementor-hidden-phone\" data-id=\"61385fdd\" data-element_type=\"column\">\n\t\t\t<div class=\"elementor-widget-wrap\">\n\t\t\t\t\t\t\t<\/div>\n\t\t<\/div>\n\t\t\t\t\t<\/div>\n\t\t<\/section>\n\t\t\t\t\t<\/div>\n\t\t<\/div>\n\t\t\t\t\t<\/div>\n\t\t<\/section>\n\t\t\t\t<section class=\"elementor-section elementor-top-section elementor-element elementor-element-343f630 elementor-section-boxed elementor-section-height-default elementor-section-height-default\" data-id=\"343f630\" data-element_type=\"section\">\n\t\t\t\t\t\t<div class=\"elementor-container elementor-column-gap-no\">\n\t\t\t\t\t<div class=\"elementor-column elementor-col-100 elementor-top-column elementor-element elementor-element-dde731c\" data-id=\"dde731c\" data-element_type=\"column\">\n\t\t\t<div class=\"elementor-widget-wrap elementor-element-populated\">\n\t\t\t\t\t\t<section class=\"elementor-section elementor-inner-section elementor-element elementor-element-74fc413 elementor-section-content-middle elementor-section-boxed elementor-section-height-default elementor-section-height-default\" data-id=\"74fc413\" data-element_type=\"section\">\n\t\t\t\t\t\t<div class=\"elementor-container elementor-column-gap-no\">\n\t\t\t\t\t<div class=\"elementor-column elementor-col-50 elementor-inner-column elementor-element elementor-element-8ef8f64\" data-id=\"8ef8f64\" data-element_type=\"column\" data-settings=\"{&quot;background_background&quot;:&quot;classic&quot;}\">\n\t\t\t<div class=\"elementor-widget-wrap elementor-element-populated\">\n\t\t\t\t\t\t<div class=\"elementor-element elementor-element-b9bff48 elementor-invisible elementor-widget elementor-widget-image\" data-id=\"b9bff48\" data-element_type=\"widget\" data-settings=\"{&quot;_animation&quot;:&quot;fadeIn&quot;}\" data-widget_type=\"image.default\">\n\t\t\t\t<div class=\"elementor-widget-container\">\n\t\t\t\t\t\t\t\t\t\t\t\t\t<img fetchpriority=\"high\" decoding=\"async\" width=\"800\" height=\"800\" src=\"https:\/\/mgm-arquitectura.com\/wp-content\/uploads\/2023\/11\/MGM-Arquitectura-a1-1024x1024.jpg\" class=\"attachment-large size-large wp-image-128\" alt=\"\" srcset=\"https:\/\/mgm-arquitectura.com\/wp-content\/uploads\/2023\/11\/MGM-Arquitectura-a1-1024x1024.jpg 1024w, https:\/\/mgm-arquitectura.com\/wp-content\/uploads\/2023\/11\/MGM-Arquitectura-a1-300x300.jpg 300w, https:\/\/mgm-arquitectura.com\/wp-content\/uploads\/2023\/11\/MGM-Arquitectura-a1-150x150.jpg 150w, https:\/\/mgm-arquitectura.com\/wp-content\/uploads\/2023\/11\/MGM-Arquitectura-a1-768x768.jpg 768w, https:\/\/mgm-arquitectura.com\/wp-content\/uploads\/2023\/11\/MGM-Arquitectura-a1.jpg 1040w\" sizes=\"(max-width: 800px) 100vw, 800px\" \/>\t\t\t\t\t\t\t\t\t\t\t\t\t<\/div>\n\t\t\t\t<\/div>\n\t\t\t\t\t<\/div>\n\t\t<\/div>\n\t\t\t\t<div class=\"elementor-column elementor-col-50 elementor-inner-column elementor-element elementor-element-0e105a7 elementor-invisible\" data-id=\"0e105a7\" data-element_type=\"column\" data-settings=\"{&quot;background_background&quot;:&quot;classic&quot;,&quot;animation&quot;:&quot;fadeInRight&quot;,&quot;animation_delay&quot;:200}\">\n\t\t\t<div class=\"elementor-widget-wrap elementor-element-populated\">\n\t\t\t\t\t\t<div class=\"elementor-element elementor-element-46f68be elementor-widget elementor-widget-heading\" data-id=\"46f68be\" data-element_type=\"widget\" data-widget_type=\"heading.default\">\n\t\t\t\t<div class=\"elementor-widget-container\">\n\t\t\t<h2 class=\"elementor-heading-title elementor-size-default\"> MGM Arquitectura<\/h2>\t\t<\/div>\n\t\t\t\t<\/div>\n\t\t\t\t<div class=\"elementor-element elementor-element-aeb025c elementor-widget elementor-widget-text-editor\" data-id=\"aeb025c\" data-element_type=\"widget\" data-widget_type=\"text-editor.default\">\n\t\t\t\t<div class=\"elementor-widget-container\">\n\t\t\t\t\t\t\t<p>Je suis architecte avec plus de 30 ans d'exp\u00e9rience professionnelle. Je suis dipl\u00f4m\u00e9 de l'Universit\u00e9 de Buenos Aires avec le titre d'architecte agr\u00e9\u00e9 par l'Universit\u00e9 Polytechnique de Valence. Je suis membre du Coll\u00e8ge des Architectes d'Alicante avec le num\u00e9ro de membre 12779.<\/p><p>Je vis et travaille \u00e0 Marina Alta sur la Costa Blanca depuis pr\u00e8s de 20 ans.<\/p><p>En tant qu'architecte ind\u00e9pendant \u00e0 la Marina Alta, j'ai de l'exp\u00e9rience dans la construction neuve, la r\u00e9habilitation et la r\u00e9novation, dans lesquelles j'ai r\u00e9alis\u00e9 des projets et g\u00e9r\u00e9 la construction au cours des 10 derni\u00e8res ann\u00e9es. Cela comprend le traitement et l\u2019obtention de diff\u00e9rents types de licences, ainsi que le conseil aux clients.<\/p>\t\t\t\t\t\t<\/div>\n\t\t\t\t<\/div>\n\t\t\t\t\t<\/div>\n\t\t<\/div>\n\t\t\t\t\t<\/div>\n\t\t<\/section>\n\t\t\t\t\t<\/div>\n\t\t<\/div>\n\t\t\t\t\t<\/div>\n\t\t<\/section>\n\t\t\t\t<section class=\"elementor-section elementor-top-section elementor-element elementor-element-297b1916 elementor-section-boxed elementor-section-height-default elementor-section-height-default\" data-id=\"297b1916\" data-element_type=\"section\">\n\t\t\t\t\t\t<div class=\"elementor-container elementor-column-gap-no\">\n\t\t\t\t\t<div class=\"elementor-column elementor-col-100 elementor-top-column elementor-element elementor-element-3fd75bc6\" data-id=\"3fd75bc6\" data-element_type=\"column\">\n\t\t\t<div class=\"elementor-widget-wrap elementor-element-populated\">\n\t\t\t\t\t\t<section class=\"elementor-section elementor-inner-section elementor-element elementor-element-3d5d87ff elementor-section-content-middle elementor-reverse-tablet elementor-reverse-mobile elementor-section-boxed elementor-section-height-default elementor-section-height-default\" data-id=\"3d5d87ff\" data-element_type=\"section\">\n\t\t\t\t\t\t<div class=\"elementor-container elementor-column-gap-no\">\n\t\t\t\t\t<div class=\"elementor-column elementor-col-50 elementor-inner-column elementor-element elementor-element-10ee857c\" data-id=\"10ee857c\" data-element_type=\"column\" data-settings=\"{&quot;background_background&quot;:&quot;classic&quot;}\">\n\t\t\t<div class=\"elementor-widget-wrap elementor-element-populated\">\n\t\t\t\t\t\t<div class=\"elementor-element elementor-element-fb474e5 elementor-widget elementor-widget-text-editor\" data-id=\"fb474e5\" data-element_type=\"widget\" data-widget_type=\"text-editor.default\">\n\t\t\t\t<div class=\"elementor-widget-container\">\n\t\t\t\t\t\t\t<p>Auparavant, j'ai eu l'opportunit\u00e9 de travailler sur des petits et grands projets \u00e0 Buenos Aires (Agrandissement de l'a\u00e9roport Ezeiza \u00e0 Buenos Aires, dans le projet Gare de Lyon-Satolas \u00e0 Paris, dans des r\u00e9sidences seniors \u00e0 Madrid et j'ai travaill\u00e9 dans des studios d'architecture portant conception et documentation des projets d'ex\u00e9cution.<\/p><p>Et au bureau technique sur site (pendant 4 ans) : r\u00e9alisation de la planification et de la v\u00e9rification des travaux sur site, passation de march\u00e9s, gestion et contr\u00f4le des fournisseurs \u00e0 Alicante.<\/p><p>Je parle anglais niveau avanc\u00e9, fran\u00e7ais niveau avanc\u00e9 : je vis et travaille depuis 8 ans \u00e0 Paris. J'ai des connaissances de base en italien et en valencien.<\/p>\t\t\t\t\t\t<\/div>\n\t\t\t\t<\/div>\n\t\t\t\t\t<\/div>\n\t\t<\/div>\n\t\t\t\t<div class=\"elementor-column elementor-col-50 elementor-inner-column elementor-element elementor-element-591cbef5\" data-id=\"591cbef5\" data-element_type=\"column\" data-settings=\"{&quot;background_background&quot;:&quot;classic&quot;}\">\n\t\t\t<div class=\"elementor-widget-wrap elementor-element-populated\">\n\t\t\t\t\t\t<div class=\"elementor-element elementor-element-1f39fbbe elementor-widget elementor-widget-image\" data-id=\"1f39fbbe\" data-element_type=\"widget\" data-widget_type=\"image.default\">\n\t\t\t\t<div class=\"elementor-widget-container\">\n\t\t\t\t\t\t\t\t\t\t\t\t\t<img decoding=\"async\" width=\"437\" height=\"437\" src=\"https:\/\/mgm-arquitectura.com\/wp-content\/uploads\/2023\/11\/MGM-arquitectura-CASA-MALLORCA-4-DTOS-2.jpg\" class=\"attachment-large size-large wp-image-351\" alt=\"\" srcset=\"https:\/\/mgm-arquitectura.com\/wp-content\/uploads\/2023\/11\/MGM-arquitectura-CASA-MALLORCA-4-DTOS-2.jpg 437w, https:\/\/mgm-arquitectura.com\/wp-content\/uploads\/2023\/11\/MGM-arquitectura-CASA-MALLORCA-4-DTOS-2-300x300.jpg 300w, https:\/\/mgm-arquitectura.com\/wp-content\/uploads\/2023\/11\/MGM-arquitectura-CASA-MALLORCA-4-DTOS-2-150x150.jpg 150w\" sizes=\"(max-width: 437px) 100vw, 437px\" \/>\t\t\t\t\t\t\t\t\t\t\t\t\t<\/div>\n\t\t\t\t<\/div>\n\t\t\t\t\t<\/div>\n\t\t<\/div>\n\t\t\t\t\t<\/div>\n\t\t<\/section>\n\t\t\t\t\t<\/div>\n\t\t<\/div>\n\t\t\t\t\t<\/div>\n\t\t<\/section>\n\t\t\t\t<section class=\"elementor-section elementor-top-section elementor-element elementor-element-0a254f7 elementor-section-boxed elementor-section-height-default elementor-section-height-default\" data-id=\"0a254f7\" data-element_type=\"section\">\n\t\t\t\t\t\t<div class=\"elementor-container elementor-column-gap-default\">\n\t\t\t\t\t<div class=\"elementor-column elementor-col-100 elementor-top-column elementor-element elementor-element-f21271d\" data-id=\"f21271d\" data-element_type=\"column\">\n\t\t\t<div class=\"elementor-widget-wrap\">\n\t\t\t\t\t\t\t<\/div>\n\t\t<\/div>\n\t\t\t\t\t<\/div>\n\t\t<\/section>\n\t\t\t\t<section class=\"elementor-section elementor-top-section elementor-element elementor-element-9ed2f2a elementor-section-boxed elementor-section-height-default elementor-section-height-default\" data-id=\"9ed2f2a\" data-element_type=\"section\">\n\t\t\t\t\t\t<div class=\"elementor-container elementor-column-gap-default\">\n\t\t\t\t\t<div class=\"elementor-column elementor-col-100 elementor-top-column elementor-element elementor-element-c545af0\" data-id=\"c545af0\" data-element_type=\"column\">\n\t\t\t<div class=\"elementor-widget-wrap elementor-element-populated\">\n\t\t\t\t\t\t<section class=\"elementor-section elementor-inner-section elementor-element elementor-element-60d603c elementor-section-boxed elementor-section-height-default elementor-section-height-default\" data-id=\"60d603c\" data-element_type=\"section\">\n\t\t\t\t\t\t<div class=\"elementor-container elementor-column-gap-no\">\n\t\t\t\t\t<div class=\"elementor-column elementor-col-25 elementor-inner-column elementor-element elementor-element-1a992e8\" data-id=\"1a992e8\" data-element_type=\"column\">\n\t\t\t<div class=\"elementor-widget-wrap elementor-element-populated\">\n\t\t\t\t\t\t<div class=\"elementor-element elementor-element-9a6512f elementor-widget elementor-widget-image\" data-id=\"9a6512f\" data-element_type=\"widget\" data-widget_type=\"image.default\">\n\t\t\t\t<div class=\"elementor-widget-container\">\n\t\t\t\t\t\t\t\t\t\t\t\t\t<img decoding=\"async\" width=\"512\" height=\"512\" src=\"https:\/\/mgm-arquitectura.com\/wp-content\/uploads\/2023\/11\/Proyectos-completados.png\" class=\"attachment-full size-full wp-image-273\" alt=\"\" srcset=\"https:\/\/mgm-arquitectura.com\/wp-content\/uploads\/2023\/11\/Proyectos-completados.png 512w, https:\/\/mgm-arquitectura.com\/wp-content\/uploads\/2023\/11\/Proyectos-completados-300x300.png 300w, https:\/\/mgm-arquitectura.com\/wp-content\/uploads\/2023\/11\/Proyectos-completados-150x150.png 150w\" sizes=\"(max-width: 512px) 100vw, 512px\" \/>\t\t\t\t\t\t\t\t\t\t\t\t\t<\/div>\n\t\t\t\t<\/div>\n\t\t\t\t<div class=\"elementor-element elementor-element-ee18812 elementor-widget elementor-widget-counter\" data-id=\"ee18812\" data-element_type=\"widget\" data-widget_type=\"counter.default\">\n\t\t\t\t<div class=\"elementor-widget-container\">\n\t\t\t\t\t<div class=\"elementor-counter\">\n\t\t\t<div class=\"elementor-counter-title\">Projets achev\u00e9s<\/div>\t\t\t<div class=\"elementor-counter-number-wrapper\">\n\t\t\t\t<span class=\"elementor-counter-number-prefix\"><\/span>\n\t\t\t\t<span class=\"elementor-counter-number\" data-duration=\"2000\" data-to-value=\"1500\" data-from-value=\"0\" data-delimiter=\",\">0<\/span>\n\t\t\t\t<span class=\"elementor-counter-number-suffix\">+<\/span>\n\t\t\t<\/div>\n\t\t<\/div>\n\t\t\t\t<\/div>\n\t\t\t\t<\/div>\n\t\t\t\t\t<\/div>\n\t\t<\/div>\n\t\t\t\t<div class=\"elementor-column elementor-col-25 elementor-inner-column elementor-element elementor-element-d24fc08\" data-id=\"d24fc08\" data-element_type=\"column\">\n\t\t\t<div class=\"elementor-widget-wrap elementor-element-populated\">\n\t\t\t\t\t\t<div class=\"elementor-element elementor-element-7573ba2 elementor-widget elementor-widget-image\" data-id=\"7573ba2\" data-element_type=\"widget\" data-widget_type=\"image.default\">\n\t\t\t\t<div class=\"elementor-widget-container\">\n\t\t\t\t\t\t\t\t\t\t\t\t\t<img loading=\"lazy\" decoding=\"async\" width=\"512\" height=\"512\" src=\"https:\/\/mgm-arquitectura.com\/wp-content\/uploads\/2023\/11\/clientes.png\" class=\"attachment-full size-full wp-image-279\" alt=\"\" srcset=\"https:\/\/mgm-arquitectura.com\/wp-content\/uploads\/2023\/11\/clientes.png 512w, https:\/\/mgm-arquitectura.com\/wp-content\/uploads\/2023\/11\/clientes-300x300.png 300w, https:\/\/mgm-arquitectura.com\/wp-content\/uploads\/2023\/11\/clientes-150x150.png 150w\" sizes=\"(max-width: 512px) 100vw, 512px\" \/>\t\t\t\t\t\t\t\t\t\t\t\t\t<\/div>\n\t\t\t\t<\/div>\n\t\t\t\t<div class=\"elementor-element elementor-element-898ea51 elementor-widget elementor-widget-counter\" data-id=\"898ea51\" data-element_type=\"widget\" data-widget_type=\"counter.default\">\n\t\t\t\t<div class=\"elementor-widget-container\">\n\t\t\t\t\t<div class=\"elementor-counter\">\n\t\t\t<div class=\"elementor-counter-title\">Clients satisfaits<\/div>\t\t\t<div class=\"elementor-counter-number-wrapper\">\n\t\t\t\t<span class=\"elementor-counter-number-prefix\"><\/span>\n\t\t\t\t<span class=\"elementor-counter-number\" data-duration=\"2000\" data-to-value=\"750\" data-from-value=\"0\" data-delimiter=\",\">0<\/span>\n\t\t\t\t<span class=\"elementor-counter-number-suffix\">+<\/span>\n\t\t\t<\/div>\n\t\t<\/div>\n\t\t\t\t<\/div>\n\t\t\t\t<\/div>\n\t\t\t\t\t<\/div>\n\t\t<\/div>\n\t\t\t\t<div class=\"elementor-column elementor-col-25 elementor-inner-column elementor-element elementor-element-3d6b60d\" data-id=\"3d6b60d\" data-element_type=\"column\">\n\t\t\t<div class=\"elementor-widget-wrap elementor-element-populated\">\n\t\t\t\t\t\t<div class=\"elementor-element elementor-element-7640214 elementor-widget elementor-widget-image\" data-id=\"7640214\" data-element_type=\"widget\" data-widget_type=\"image.default\">\n\t\t\t\t<div class=\"elementor-widget-container\">\n\t\t\t\t\t\t\t\t\t\t\t\t\t<img loading=\"lazy\" decoding=\"async\" width=\"512\" height=\"512\" src=\"https:\/\/mgm-arquitectura.com\/wp-content\/uploads\/2023\/11\/anos-de-experiencia.png\" class=\"attachment-full size-full wp-image-280\" alt=\"\" srcset=\"https:\/\/mgm-arquitectura.com\/wp-content\/uploads\/2023\/11\/anos-de-experiencia.png 512w, https:\/\/mgm-arquitectura.com\/wp-content\/uploads\/2023\/11\/anos-de-experiencia-300x300.png 300w, https:\/\/mgm-arquitectura.com\/wp-content\/uploads\/2023\/11\/anos-de-experiencia-150x150.png 150w\" sizes=\"(max-width: 512px) 100vw, 512px\" \/>\t\t\t\t\t\t\t\t\t\t\t\t\t<\/div>\n\t\t\t\t<\/div>\n\t\t\t\t<div class=\"elementor-element elementor-element-abb7bc1 elementor-widget elementor-widget-counter\" data-id=\"abb7bc1\" data-element_type=\"widget\" data-widget_type=\"counter.default\">\n\t\t\t\t<div class=\"elementor-widget-container\">\n\t\t\t\t\t<div class=\"elementor-counter\">\n\t\t\t<div class=\"elementor-counter-title\">Ann\u00e9es d'exp\u00e9rience<\/div>\t\t\t<div class=\"elementor-counter-number-wrapper\">\n\t\t\t\t<span class=\"elementor-counter-number-prefix\"><\/span>\n\t\t\t\t<span class=\"elementor-counter-number\" data-duration=\"2000\" data-to-value=\"30\" data-from-value=\"0\" data-delimiter=\",\">0<\/span>\n\t\t\t\t<span class=\"elementor-counter-number-suffix\">+<\/span>\n\t\t\t<\/div>\n\t\t<\/div>\n\t\t\t\t<\/div>\n\t\t\t\t<\/div>\n\t\t\t\t\t<\/div>\n\t\t<\/div>\n\t\t\t\t<div class=\"elementor-column elementor-col-25 elementor-inner-column elementor-element elementor-element-5a0e52f\" data-id=\"5a0e52f\" data-element_type=\"column\">\n\t\t\t<div class=\"elementor-widget-wrap elementor-element-populated\">\n\t\t\t\t\t\t<div class=\"elementor-element elementor-element-79aea1e elementor-widget elementor-widget-image\" data-id=\"79aea1e\" data-element_type=\"widget\" data-widget_type=\"image.default\">\n\t\t\t\t<div class=\"elementor-widget-container\">\n\t\t\t\t\t\t\t\t\t\t\t\t\t<img loading=\"lazy\" decoding=\"async\" width=\"400\" height=\"400\" src=\"https:\/\/mgm-arquitectura.com\/wp-content\/uploads\/2023\/11\/Habla-3-idiomas.png\" class=\"attachment-full size-full wp-image-284\" alt=\"\" srcset=\"https:\/\/mgm-arquitectura.com\/wp-content\/uploads\/2023\/11\/Habla-3-idiomas.png 400w, https:\/\/mgm-arquitectura.com\/wp-content\/uploads\/2023\/11\/Habla-3-idiomas-300x300.png 300w, https:\/\/mgm-arquitectura.com\/wp-content\/uploads\/2023\/11\/Habla-3-idiomas-150x150.png 150w\" sizes=\"(max-width: 400px) 100vw, 400px\" \/>\t\t\t\t\t\t\t\t\t\t\t\t\t<\/div>\n\t\t\t\t<\/div>\n\t\t\t\t<div class=\"elementor-element elementor-element-9eaa66c elementor-widget elementor-widget-counter\" data-id=\"9eaa66c\" data-element_type=\"widget\" data-widget_type=\"counter.default\">\n\t\t\t\t<div class=\"elementor-widget-container\">\n\t\t\t\t\t<div class=\"elementor-counter\">\n\t\t\t<div class=\"elementor-counter-title\">Langues parl\u00e9es<\/div>\t\t\t<div class=\"elementor-counter-number-wrapper\">\n\t\t\t\t<span class=\"elementor-counter-number-prefix\"><\/span>\n\t\t\t\t<span class=\"elementor-counter-number\" data-duration=\"200\" data-to-value=\"3\" data-from-value=\"0\" data-delimiter=\",\">0<\/span>\n\t\t\t\t<span class=\"elementor-counter-number-suffix\"><\/span>\n\t\t\t<\/div>\n\t\t<\/div>\n\t\t\t\t<\/div>\n\t\t\t\t<\/div>\n\t\t\t\t\t<\/div>\n\t\t<\/div>\n\t\t\t\t\t<\/div>\n\t\t<\/section>\n\t\t\t\t\t<\/div>\n\t\t<\/div>\n\t\t\t\t\t<\/div>\n\t\t<\/section>\n\t\t\t\t<\/div>","protected":false},"excerpt":{"rendered":"<p>About Architect based in Benissa with more than 30 years of professional experience. MGM Arquitectura I am an architect with more than 30 years of professional experience. I graduated from the University of Buenos Aires with the title of architect approved by the Polytechnic University of Valencia. I am a member of the Alicante College [&hellip;]<\/p>","protected":false},"author":1,"featured_media":0,"parent":0,"menu_order":2,"comment_status":"closed","ping_status":"closed","template":"elementor_header_footer","meta":{"om_disable_all_campaigns":false,"_monsterinsights_skip_tracking":false,"_monsterinsights_sitenote_active":false,"_monsterinsights_sitenote_note":"","_monsterinsights_sitenote_category":0,"footnotes":""},"class_list":["post-30","page","type-page","status-publish","hentry"],"aioseo_notices":[],"_links":{"self":[{"href":"https:\/\/mgm-arquitectura.com\/fr\/wp-json\/wp\/v2\/pages\/30","targetHints":{"allow":["GET"]}}],"collection":[{"href":"https:\/\/mgm-arquitectura.com\/fr\/wp-json\/wp\/v2\/pages"}],"about":[{"href":"https:\/\/mgm-arquitectura.com\/fr\/wp-json\/wp\/v2\/types\/page"}],"author":[{"embeddable":true,"href":"https:\/\/mgm-arquitectura.com\/fr\/wp-json\/wp\/v2\/users\/1"}],"replies":[{"embeddable":true,"href":"https:\/\/mgm-arquitectura.com\/fr\/wp-json\/wp\/v2\/comments?post=30"}],"version-history":[{"count":72,"href":"https:\/\/mgm-arquitectura.com\/fr\/wp-json\/wp\/v2\/pages\/30\/revisions"}],"predecessor-version":[{"id":1307,"href":"https:\/\/mgm-arquitectura.com\/fr\/wp-json\/wp\/v2\/pages\/30\/revisions\/1307"}],"wp:attachment":[{"href":"https:\/\/mgm-arquitectura.com\/fr\/wp-json\/wp\/v2\/media?parent=30"}],"curies":[{"name":"wp","href":"https:\/\/api.w.org\/{rel}","templated":true}]}}