{"id":801,"date":"2024-01-29T16:14:10","date_gmt":"2024-01-29T14:14:10","guid":{"rendered":"https:\/\/mgmarquitecta.com\/?page_id=801"},"modified":"2025-05-22T19:25:06","modified_gmt":"2025-05-22T17:25:06","slug":"politique-de-confidentialite","status":"publish","type":"page","link":"https:\/\/mgm-arquitectura.com\/fr\/politique-de-confidentialite\/","title":{"rendered":"Politique de confidentialit\u00e9"},"content":{"rendered":"<div data-elementor-type=\"wp-page\" data-elementor-id=\"801\" class=\"elementor elementor-801\" data-elementor-post-type=\"page\">\n\t\t\t\t\t\t<section class=\"elementor-section elementor-top-section elementor-element elementor-element-f336924 elementor-section-height-min-height elementor-section-items-bottom elementor-section-boxed elementor-section-height-default\" data-id=\"f336924\" data-element_type=\"section\" data-settings=\"{&quot;background_background&quot;:&quot;classic&quot;,&quot;background_motion_fx_motion_fx_scrolling&quot;:&quot;yes&quot;,&quot;background_motion_fx_translateY_effect&quot;:&quot;yes&quot;,&quot;background_motion_fx_translateY_direction&quot;:&quot;negative&quot;,&quot;background_motion_fx_translateY_speed&quot;:{&quot;unit&quot;:&quot;px&quot;,&quot;size&quot;:3,&quot;sizes&quot;:[]},&quot;background_motion_fx_translateY_affectedRange&quot;:{&quot;unit&quot;:&quot;%&quot;,&quot;size&quot;:&quot;&quot;,&quot;sizes&quot;:{&quot;start&quot;:0,&quot;end&quot;:100}},&quot;background_motion_fx_devices&quot;:[&quot;desktop&quot;,&quot;tablet&quot;,&quot;mobile&quot;]}\">\n\t\t\t\t\t\t\t<div class=\"elementor-background-overlay\"><\/div>\n\t\t\t\t\t\t\t<div class=\"elementor-container elementor-column-gap-no\">\n\t\t\t\t\t<div class=\"elementor-column elementor-col-100 elementor-top-column elementor-element elementor-element-8c90dd8\" data-id=\"8c90dd8\" data-element_type=\"column\" data-settings=\"{&quot;background_background&quot;:&quot;classic&quot;}\">\n\t\t\t<div class=\"elementor-widget-wrap elementor-element-populated\">\n\t\t\t\t\t\t<section class=\"elementor-section elementor-inner-section elementor-element elementor-element-4c04d06 elementor-section-content-bottom elementor-section-boxed elementor-section-height-default elementor-section-height-default\" data-id=\"4c04d06\" data-element_type=\"section\" data-settings=\"{&quot;background_background&quot;:&quot;classic&quot;}\">\n\t\t\t\t\t\t<div class=\"elementor-container elementor-column-gap-no\">\n\t\t\t\t\t<div class=\"elementor-column elementor-col-33 elementor-inner-column elementor-element elementor-element-84af348 elementor-hidden-tablet elementor-hidden-phone\" data-id=\"84af348\" data-element_type=\"column\">\n\t\t\t<div class=\"elementor-widget-wrap\">\n\t\t\t\t\t\t\t<\/div>\n\t\t<\/div>\n\t\t\t\t<div class=\"elementor-column elementor-col-33 elementor-inner-column elementor-element elementor-element-01ee799\" data-id=\"01ee799\" data-element_type=\"column\">\n\t\t\t<div class=\"elementor-widget-wrap elementor-element-populated\">\n\t\t\t\t\t<div class=\"elementor-background-overlay\"><\/div>\n\t\t\t\t\t\t\t<\/div>\n\t\t<\/div>\n\t\t\t\t<div class=\"elementor-column elementor-col-33 elementor-inner-column elementor-element elementor-element-44fcece elementor-hidden-tablet elementor-hidden-phone\" data-id=\"44fcece\" data-element_type=\"column\">\n\t\t\t<div class=\"elementor-widget-wrap\">\n\t\t\t\t\t\t\t<\/div>\n\t\t<\/div>\n\t\t\t\t\t<\/div>\n\t\t<\/section>\n\t\t\t\t\t<\/div>\n\t\t<\/div>\n\t\t\t\t\t<\/div>\n\t\t<\/section>\n\t\t\t\t<section class=\"elementor-section elementor-top-section elementor-element elementor-element-5f01e34 elementor-section-boxed elementor-section-height-default elementor-section-height-default\" data-id=\"5f01e34\" data-element_type=\"section\">\n\t\t\t\t\t\t<div class=\"elementor-container elementor-column-gap-default\">\n\t\t\t\t\t<div class=\"elementor-column elementor-col-100 elementor-top-column elementor-element elementor-element-b934998\" data-id=\"b934998\" data-element_type=\"column\">\n\t\t\t<div class=\"elementor-widget-wrap elementor-element-populated\">\n\t\t\t\t\t\t<div class=\"elementor-element elementor-element-fa29809 elementor-widget elementor-widget-text-editor\" data-id=\"fa29809\" data-element_type=\"widget\" data-widget_type=\"text-editor.default\">\n\t\t\t\t<div class=\"elementor-widget-container\">\n\t\t\t\t\t\t\t<p>La pr\u00e9sente politique de confidentialit\u00e9 r\u00e9git l'utilisation du service du portail Internet avec la direction WWW.MGMARQUITECTA.COM, dont le responsable des effets identificatoires est :<\/p>\t\t\t\t\t\t<\/div>\n\t\t\t\t<\/div>\n\t\t\t\t\t<\/div>\n\t\t<\/div>\n\t\t\t\t\t<\/div>\n\t\t<\/section>\n\t\t\t\t<section class=\"elementor-section elementor-top-section elementor-element elementor-element-39134c6 elementor-section-boxed elementor-section-height-default elementor-section-height-default\" data-id=\"39134c6\" data-element_type=\"section\">\n\t\t\t\t\t\t<div class=\"elementor-container elementor-column-gap-default\">\n\t\t\t\t\t<div class=\"elementor-column elementor-col-100 elementor-top-column elementor-element elementor-element-dd3ebcb\" data-id=\"dd3ebcb\" data-element_type=\"column\">\n\t\t\t<div class=\"elementor-widget-wrap elementor-element-populated\">\n\t\t\t\t\t\t<div class=\"elementor-element elementor-element-5af2c3a elementor-icon-list--layout-traditional elementor-list-item-link-full_width elementor-widget elementor-widget-icon-list\" data-id=\"5af2c3a\" data-element_type=\"widget\" data-widget_type=\"icon-list.default\">\n\t\t\t\t<div class=\"elementor-widget-container\">\n\t\t\t\t\t<ul class=\"elementor-icon-list-items\">\n\t\t\t\t\t\t\t<li class=\"elementor-icon-list-item\">\n\t\t\t\t\t\t\t\t\t\t<span class=\"elementor-icon-list-text\"><b>Responsable :<\/b> MARIA GABRIELA MOLISE<\/span>\n\t\t\t\t\t\t\t\t\t<\/li>\n\t\t\t\t\t\t\t\t<li class=\"elementor-icon-list-item\">\n\t\t\t\t\t\t\t\t\t\t<span class=\"elementor-icon-list-text\"><b>FNI :<\/b> X4335416P<\/span>\n\t\t\t\t\t\t\t\t\t<\/li>\n\t\t\t\t\t\t\t\t<li class=\"elementor-icon-list-item\">\n\t\t\t\t\t\t\t\t\t\t<span class=\"elementor-icon-list-text\"><b>Direcci\u00f3n :<\/b> C\/ M\u00daSICO VICENTE SPITERI N.\u00ba 19 BAJO A, ALICANTE, 03540, Alacant<\/span>\n\t\t\t\t\t\t\t\t\t<\/li>\n\t\t\t\t\t\t\t\t<li class=\"elementor-icon-list-item\">\n\t\t\t\t\t\t\t\t\t\t<span class=\"elementor-icon-list-text\"><b>Tel\u00e9fono :<\/b> 600 609 174<\/span>\n\t\t\t\t\t\t\t\t\t<\/li>\n\t\t\t\t\t\t\t\t<li class=\"elementor-icon-list-item\">\n\t\t\t\t\t\t\t\t\t\t<span class=\"elementor-icon-list-text\"><b>Courrier :<\/b> mgm.arq08@gmail.com<\/span>\n\t\t\t\t\t\t\t\t\t<\/li>\n\t\t\t\t\t\t<\/ul>\n\t\t\t\t<\/div>\n\t\t\t\t<\/div>\n\t\t\t\t\t<\/div>\n\t\t<\/div>\n\t\t\t\t\t<\/div>\n\t\t<\/section>\n\t\t\t\t<section class=\"elementor-section elementor-top-section elementor-element elementor-element-1dde775 elementor-section-boxed elementor-section-height-default elementor-section-height-default\" data-id=\"1dde775\" data-element_type=\"section\">\n\t\t\t\t\t\t<div class=\"elementor-container elementor-column-gap-default\">\n\t\t\t\t\t<div class=\"elementor-column elementor-col-100 elementor-top-column elementor-element elementor-element-a75be9b\" data-id=\"a75be9b\" data-element_type=\"column\">\n\t\t\t<div class=\"elementor-widget-wrap elementor-element-populated\">\n\t\t\t\t\t\t<div class=\"elementor-element elementor-element-969c916 elementor-widget elementor-widget-heading\" data-id=\"969c916\" data-element_type=\"widget\" data-widget_type=\"heading.default\">\n\t\t\t\t<div class=\"elementor-widget-container\">\n\t\t\t<h5 class=\"elementor-heading-title elementor-size-default\">Finalidad, \u00bfPara qu\u00e9 tratamos sus datos ?<\/h5>\t\t<\/div>\n\t\t\t\t<\/div>\n\t\t\t\t<div class=\"elementor-element elementor-element-dbdba9b elementor-widget elementor-widget-text-editor\" data-id=\"dbdba9b\" data-element_type=\"widget\" data-widget_type=\"text-editor.default\">\n\t\t\t\t<div class=\"elementor-widget-container\">\n\t\t\t\t\t\t\t<p>A efecto de lo previsto en RGPD de 27 de abril de 2016, y la LO 3\/2018, trataremos los datos que recojamos para las siguientes finalidades :<\/p><ul><li>Contactar con usted en caso de que as\u00ed nos lo pida.<\/li><li>G\u00e9rer sa navigation sur le web, dans ce cas.<\/li><li>Envoyer des communications commerciales sur nos produits et services.<\/li><\/ul>\t\t\t\t\t\t<\/div>\n\t\t\t\t<\/div>\n\t\t\t\t<div class=\"elementor-element elementor-element-767cb2f elementor-widget elementor-widget-text-editor\" data-id=\"767cb2f\" data-element_type=\"widget\" data-widget_type=\"text-editor.default\">\n\t\t\t\t<div class=\"elementor-widget-container\">\n\t\t\t\t\t\t\t<p>Pour ce faire, l'utilisateur dispose d'un formulaire d'enregistrement dont l'accomplissement permet \u00e0 l'int\u00e9ress\u00e9 d'acc\u00e9der et de profiter de certains services offerts sur le web.<\/p><p>Toutefois, nous informons l'utilisateur que, dans chaque formulaire de contact, il est inform\u00e9 de l'utilisation qui est faite des donn\u00e9es obtenues et, si elles sont utilis\u00e9es \u00e0 des fins diff\u00e9rentes, le consentement est obtenu \u00e0 l'avance et de mani\u00e8re explicite.<\/p><p>Si el consentimiento del interesado se da en el contexto de una declaraci\u00f3n escrita que tambi\u00e9n se refiera a otros asuntos, la solicitud de consentimiento se presentar\u00e1 de tal forma que se distinga claramente de los dem\u00e1s asuntos, de forma inteligible y de f\u00e1cil acceso y utilizando un lenguaje claro y sencillo, de conformidad con el art\u00edculo 7.2 del RGPD de 27 de abril de 2016.<\/p>\t\t\t\t\t\t<\/div>\n\t\t\t\t<\/div>\n\t\t\t\t<div class=\"elementor-element elementor-element-cc7ca6a elementor-widget elementor-widget-heading\" data-id=\"cc7ca6a\" data-element_type=\"widget\" data-widget_type=\"heading.default\">\n\t\t\t\t<div class=\"elementor-widget-container\">\n\t\t\t<h5 class=\"elementor-heading-title elementor-size-default\">L\u00e9gitimation, quelle est la l\u00e9gitimation pour le traitement de vos donn\u00e9es ?<\/h5>\t\t<\/div>\n\t\t\t\t<\/div>\n\t\t\t\t<div class=\"elementor-element elementor-element-8da2d40 elementor-widget elementor-widget-text-editor\" data-id=\"8da2d40\" data-element_type=\"widget\" data-widget_type=\"text-editor.default\">\n\t\t\t\t<div class=\"elementor-widget-container\">\n\t\t\t\t\t\t\t<p>La base juridique pour le traitement de vos donn\u00e9es se fonde sur :<\/p><ul><li>Le consentement de l'int\u00e9ress\u00e9 au traitement de ses donn\u00e9es, conform\u00e9ment \u00e0 l'article 6. 1. a) du r\u00e8glement g\u00e9n\u00e9ral europ\u00e9en sur la protection des donn\u00e9es.<\/li><li>La necesaria ejecuci\u00f3n de un contrato en el que el interesado es parte o para la aplicaci\u00f3n a petici\u00f3n de este de medidas precontractuales, conforme el art\u00edculo 6. 1. b) del Reglamento General Europeo de Protecci\u00f3n de Datos.<\/li><\/ul>\t\t\t\t\t\t<\/div>\n\t\t\t\t<\/div>\n\t\t\t\t<div class=\"elementor-element elementor-element-fee7e8f elementor-widget elementor-widget-heading\" data-id=\"fee7e8f\" data-element_type=\"widget\" data-widget_type=\"heading.default\">\n\t\t\t\t<div class=\"elementor-widget-container\">\n\t\t\t<h5 class=\"elementor-heading-title elementor-size-default\">Destinataires \u00bfQui communique vos donn\u00e9es ?<\/h5>\t\t<\/div>\n\t\t\t\t<\/div>\n\t\t\t\t<div class=\"elementor-element elementor-element-0d5a710 elementor-widget elementor-widget-text-editor\" data-id=\"0d5a710\" data-element_type=\"widget\" data-widget_type=\"text-editor.default\">\n\t\t\t\t<div class=\"elementor-widget-container\">\n\t\t\t\t\t\t\t<p>Les donn\u00e9es personnelles ne font pas l'objet d'une collecte, sauf pour l'accomplissement d'obligations l\u00e9gales ou pour le soutien de services li\u00e9s \u00e0 ce traitement.<\/p>\t\t\t\t\t\t<\/div>\n\t\t\t\t<\/div>\n\t\t\t\t<div class=\"elementor-element elementor-element-8d4bb86 elementor-widget elementor-widget-heading\" data-id=\"8d4bb86\" data-element_type=\"widget\" data-widget_type=\"heading.default\">\n\t\t\t\t<div class=\"elementor-widget-container\">\n\t\t\t<h5 class=\"elementor-heading-title elementor-size-default\">Conservaci\u00f3n, \u00bfDurante cu\u00e1nto tiempo conservamos tus datos ?<\/h5>\t\t<\/div>\n\t\t\t\t<\/div>\n\t\t\t\t<div class=\"elementor-element elementor-element-c533e49 elementor-widget elementor-widget-text-editor\" data-id=\"c533e49\" data-element_type=\"widget\" data-widget_type=\"text-editor.default\">\n\t\t\t\t<div class=\"elementor-widget-container\">\n\t\t\t\t\t\t\t<p>Nous conservons vos donn\u00e9es \u00e0 caract\u00e8re personnel pendant au moins 5 ans si vous \u00eates client et pour l'ex\u00e9cution stricte des obligations l\u00e9gales pr\u00e9vues par la norme.<\/p><p>Si vous n'\u00eates pas client, nous conservons vos donn\u00e9es le temps n\u00e9cessaire \u00e0 la gestion de notre relation.<\/p>\t\t\t\t\t\t<\/div>\n\t\t\t\t<\/div>\n\t\t\t\t<div class=\"elementor-element elementor-element-9b9b728 elementor-widget elementor-widget-heading\" data-id=\"9b9b728\" data-element_type=\"widget\" data-widget_type=\"heading.default\">\n\t\t\t\t<div class=\"elementor-widget-container\">\n\t\t\t<h5 class=\"elementor-heading-title elementor-size-default\">Derechos, \u00bfCu\u00e1les son tus derechos cuando nos facilitas tus datos ?<\/h5>\t\t<\/div>\n\t\t\t\t<\/div>\n\t\t\t\t<div class=\"elementor-element elementor-element-0b74dc3 elementor-widget elementor-widget-text-editor\" data-id=\"0b74dc3\" data-element_type=\"widget\" data-widget_type=\"text-editor.default\">\n\t\t\t\t<div class=\"elementor-widget-container\">\n\t\t\t\t\t\t\t<p>Toute personne a le droit d'obtenir une confirmation quant au traitement des donn\u00e9es personnelles qui la concernent.<\/p><p>Les personnes int\u00e9ress\u00e9es ont le droit d'acc\u00e9der \u00e0 leurs donn\u00e9es personnelles et de demander la rectification des donn\u00e9es inexactes ou, dans leur cas, de demander leur suppression lorsque, entre autres raisons, les donn\u00e9es ne sont pas n\u00e9cessaires pour les fins auxquelles elles ont \u00e9t\u00e9 recueillies.<\/p><p>En determinadas circunstancias, las personas interesadas podr\u00e1n solicitar la limitaci\u00f3n del tratamiento de sus datos, en cuyo caso \u00fanicamente los conservaremos para el ejercicio o la defensa de reclamaciones.<\/p><p>En determinadas circunstancias y por motivos relacionados con su situaci\u00f3n particular, las personas interesadas podr\u00e1n oponerse al tratamiento de sus datos. Dans ce cas, les donn\u00e9es ne seront plus trait\u00e9es, sauf pour des raisons l\u00e9gales ou pour l'exercice ou la d\u00e9fense d'\u00e9ventuelles r\u00e9clamations.<\/p><p>Les personnes int\u00e9ress\u00e9es peuvent demander la portabilit\u00e9 des donn\u00e9es pour obtenir les donn\u00e9es qu'elles ont fournies dans un format structur\u00e9, d'usage courant et de lecture m\u00e9canique, afin de les t\u00e9l\u00e9charger elles-m\u00eames ou de les transmettre \u00e0 une autre entit\u00e9.<\/p><p>La personne int\u00e9ress\u00e9e peut exercer ses droits en envoyant un courrier \u00e9lectronique \u00e0 la direction du courrier \u00e9lectronique mgm.arq08@gmail.com, ou dans ce cas \u00e0 la direction scientifique C\/ M\u00daSICO VICENTE SPITERI N.\u00ba 19 BAJO A, ALICANTE, 03540, Alacant.<\/p>\t\t\t\t\t\t<\/div>\n\t\t\t\t<\/div>\n\t\t\t\t<div class=\"elementor-element elementor-element-f93a206 elementor-widget elementor-widget-heading\" data-id=\"f93a206\" data-element_type=\"widget\" data-widget_type=\"heading.default\">\n\t\t\t\t<div class=\"elementor-widget-container\">\n\t\t\t<h5 class=\"elementor-heading-title elementor-size-default\">Consentimiento menores, \u00bfQu\u00e9 pasa si eres menor de edad ?<\/h5>\t\t<\/div>\n\t\t\t\t<\/div>\n\t\t\t\t<div class=\"elementor-element elementor-element-74b9786 elementor-widget elementor-widget-text-editor\" data-id=\"74b9786\" data-element_type=\"widget\" data-widget_type=\"text-editor.default\">\n\t\t\t\t<div class=\"elementor-widget-container\">\n\t\t\t\t\t\t\t<p>Dans l'hypoth\u00e8se o\u00f9 certains de nos services seraient destin\u00e9s plus particuli\u00e8rement aux enfants de moins de douze ans, nous sollicitons l'accord des parents ou des tuteurs pour la collecte des donn\u00e9es personnelles ou, dans ce cas, pour le traitement automatis\u00e9 des donn\u00e9es conform\u00e9ment \u00e0 l'article 7 de la LOPDGDD.<\/p>\t\t\t\t\t\t<\/div>\n\t\t\t\t<\/div>\n\t\t\t\t<div class=\"elementor-element elementor-element-17d9e23 elementor-widget elementor-widget-heading\" data-id=\"17d9e23\" data-element_type=\"widget\" data-widget_type=\"heading.default\">\n\t\t\t\t<div class=\"elementor-widget-container\">\n\t\t\t<h5 class=\"elementor-heading-title elementor-size-default\">Exactitude, v\u00e9racit\u00e9 et s\u00e9curit\u00e9 des donn\u00e9es, comment traiter vos donn\u00e9es ?<\/h5>\t\t<\/div>\n\t\t\t\t<\/div>\n\t\t\t\t<div class=\"elementor-element elementor-element-4d71b92 elementor-widget elementor-widget-text-editor\" data-id=\"4d71b92\" data-element_type=\"widget\" data-widget_type=\"text-editor.default\">\n\t\t\t\t<div class=\"elementor-widget-container\">\n\t\t\t\t\t\t\t<p>L'utilisateur est le seul responsable de la v\u00e9racit\u00e9 et de la correction des donn\u00e9es incluses, et nous exon\u00e8re de toute responsabilit\u00e9 \u00e0 cet \u00e9gard. Les utilisateurs garantissent et r\u00e9pondent, dans tous les cas, de l'exactitude, de la vigueur et de l'authenticit\u00e9 des donn\u00e9es personnelles fournies, et s'engagent \u00e0 les maintenir \u00e0 jour. L'utilisateur accepte de fournir des informations compl\u00e8tes et correctes dans les formulaires d'enregistrement ou de souscription. Nous ne r\u00e9pondons pas de la v\u00e9racit\u00e9 des informations qui ne sont pas \u00e9labor\u00e9es par nous-m\u00eames et de celles qui proviennent d'autres sources, de sorte que nous n'assumons aucune responsabilit\u00e9 en ce qui concerne les cons\u00e9quences dommageables que l'utilisation de ces informations pourrait avoir sur le plan de l'\u00e9thique.<\/p><p>Nous nous r\u00e9servons \u00e9galement le droit d'actualiser, de modifier ou d'\u00e9liminer les informations contenues dans le site web, y compris en limitant ou en interdisant l'acc\u00e8s \u00e0 ces informations. Nous ne sommes pas responsables de tout dommage ou pr\u00e9judice que pourrait subir l'Utilisateur en raison d'erreurs, de d\u00e9fauts ou d'omissions dans les informations fournies par le responsable, m\u00eame si elles proviennent de sources inconnues.<\/p><p>Les donn\u00e9es sont trait\u00e9es de mani\u00e8re confidentielle et soumises \u00e0 des mesures techniques et organisationnelles de s\u00e9curit\u00e9 ad\u00e9quates pour \u00e9viter toute modification, perte, traitement ou acc\u00e8s non autoris\u00e9.<\/p><p>Vous pouvez pr\u00e9senter une r\u00e9clamation aupr\u00e8s de l'Agence espagnole de protection des donn\u00e9es, en particulier lorsque vous n'avez pas obtenu satisfaction dans l'exercice de vos droits, \u00e0 l'adresse postale et\/ou \u00e9lectronique indiqu\u00e9e dans la page www.aepd.es.<\/p>\t\t\t\t\t\t<\/div>\n\t\t\t\t<\/div>\n\t\t\t\t\t<\/div>\n\t\t<\/div>\n\t\t\t\t\t<\/div>\n\t\t<\/section>\n\t\t\t\t<\/div>","protected":false},"excerpt":{"rendered":"<p>La presente Pol\u00edtica de Privacidad regula el uso del servicio del portal de Internet con direcci\u00f3n WWW.MGMARQUITECTA.COM, cuyo responsable a efectos identificativos es: Responsable: MARIA GABRIELA MOLISE NIF: X4335416P Direcci\u00f3n: C\/ M\u00daSICO VICENTE SPITERI N.\u00ba 19 BAJO A, ALICANTE, 03540, Alacant Tel\u00e9fono: 600 609 174 Mail: mgm.arq08@gmail.com Finalidad, \u00bfPara qu\u00e9 tratamos sus datos? A efecto [&hellip;]<\/p>","protected":false},"author":2,"featured_media":0,"parent":0,"menu_order":12,"comment_status":"closed","ping_status":"closed","template":"elementor_header_footer","meta":{"om_disable_all_campaigns":false,"_monsterinsights_skip_tracking":false,"_monsterinsights_sitenote_active":false,"_monsterinsights_sitenote_note":"","_monsterinsights_sitenote_category":0,"footnotes":""},"class_list":["post-801","page","type-page","status-publish","hentry"],"aioseo_notices":[],"_links":{"self":[{"href":"https:\/\/mgm-arquitectura.com\/fr\/wp-json\/wp\/v2\/pages\/801","targetHints":{"allow":["GET"]}}],"collection":[{"href":"https:\/\/mgm-arquitectura.com\/fr\/wp-json\/wp\/v2\/pages"}],"about":[{"href":"https:\/\/mgm-arquitectura.com\/fr\/wp-json\/wp\/v2\/types\/page"}],"author":[{"embeddable":true,"href":"https:\/\/mgm-arquitectura.com\/fr\/wp-json\/wp\/v2\/users\/2"}],"replies":[{"embeddable":true,"href":"https:\/\/mgm-arquitectura.com\/fr\/wp-json\/wp\/v2\/comments?post=801"}],"version-history":[{"count":7,"href":"https:\/\/mgm-arquitectura.com\/fr\/wp-json\/wp\/v2\/pages\/801\/revisions"}],"predecessor-version":[{"id":808,"href":"https:\/\/mgm-arquitectura.com\/fr\/wp-json\/wp\/v2\/pages\/801\/revisions\/808"}],"wp:attachment":[{"href":"https:\/\/mgm-arquitectura.com\/fr\/wp-json\/wp\/v2\/media?parent=801"}],"curies":[{"name":"wp","href":"https:\/\/api.w.org\/{rel}","templated":true}]}}