{"id":809,"date":"2024-01-29T16:18:44","date_gmt":"2024-01-29T14:18:44","guid":{"rendered":"https:\/\/mgmarquitecta.com\/?page_id=809"},"modified":"2025-05-22T19:24:39","modified_gmt":"2025-05-22T17:24:39","slug":"politique-en-matiere-de-cookies","status":"publish","type":"page","link":"https:\/\/mgm-arquitectura.com\/fr\/politique-en-matiere-de-cookies\/","title":{"rendered":"Politique en mati\u00e8re de cookies"},"content":{"rendered":"<div data-elementor-type=\"wp-page\" data-elementor-id=\"809\" class=\"elementor elementor-809\" data-elementor-post-type=\"page\">\n\t\t\t\t\t\t<section class=\"elementor-section elementor-top-section elementor-element elementor-element-f336924 elementor-section-height-min-height elementor-section-items-bottom elementor-section-boxed elementor-section-height-default\" data-id=\"f336924\" data-element_type=\"section\" data-settings=\"{&quot;background_background&quot;:&quot;classic&quot;,&quot;background_motion_fx_motion_fx_scrolling&quot;:&quot;yes&quot;,&quot;background_motion_fx_translateY_effect&quot;:&quot;yes&quot;,&quot;background_motion_fx_translateY_direction&quot;:&quot;negative&quot;,&quot;background_motion_fx_translateY_speed&quot;:{&quot;unit&quot;:&quot;px&quot;,&quot;size&quot;:3,&quot;sizes&quot;:[]},&quot;background_motion_fx_translateY_affectedRange&quot;:{&quot;unit&quot;:&quot;%&quot;,&quot;size&quot;:&quot;&quot;,&quot;sizes&quot;:{&quot;start&quot;:0,&quot;end&quot;:100}},&quot;background_motion_fx_devices&quot;:[&quot;desktop&quot;,&quot;tablet&quot;,&quot;mobile&quot;]}\">\n\t\t\t\t\t\t\t<div class=\"elementor-background-overlay\"><\/div>\n\t\t\t\t\t\t\t<div class=\"elementor-container elementor-column-gap-no\">\n\t\t\t\t\t<div class=\"elementor-column elementor-col-100 elementor-top-column elementor-element elementor-element-8c90dd8\" data-id=\"8c90dd8\" data-element_type=\"column\" data-settings=\"{&quot;background_background&quot;:&quot;classic&quot;}\">\n\t\t\t<div class=\"elementor-widget-wrap elementor-element-populated\">\n\t\t\t\t\t\t<section class=\"elementor-section elementor-inner-section elementor-element elementor-element-4c04d06 elementor-section-content-bottom elementor-section-boxed elementor-section-height-default elementor-section-height-default\" data-id=\"4c04d06\" data-element_type=\"section\" data-settings=\"{&quot;background_background&quot;:&quot;classic&quot;}\">\n\t\t\t\t\t\t<div class=\"elementor-container elementor-column-gap-no\">\n\t\t\t\t\t<div class=\"elementor-column elementor-col-33 elementor-inner-column elementor-element elementor-element-84af348 elementor-hidden-tablet elementor-hidden-phone\" data-id=\"84af348\" data-element_type=\"column\">\n\t\t\t<div class=\"elementor-widget-wrap\">\n\t\t\t\t\t\t\t<\/div>\n\t\t<\/div>\n\t\t\t\t<div class=\"elementor-column elementor-col-33 elementor-inner-column elementor-element elementor-element-01ee799\" data-id=\"01ee799\" data-element_type=\"column\">\n\t\t\t<div class=\"elementor-widget-wrap elementor-element-populated\">\n\t\t\t\t\t<div class=\"elementor-background-overlay\"><\/div>\n\t\t\t\t\t\t\t<\/div>\n\t\t<\/div>\n\t\t\t\t<div class=\"elementor-column elementor-col-33 elementor-inner-column elementor-element elementor-element-44fcece elementor-hidden-tablet elementor-hidden-phone\" data-id=\"44fcece\" data-element_type=\"column\">\n\t\t\t<div class=\"elementor-widget-wrap\">\n\t\t\t\t\t\t\t<\/div>\n\t\t<\/div>\n\t\t\t\t\t<\/div>\n\t\t<\/section>\n\t\t\t\t\t<\/div>\n\t\t<\/div>\n\t\t\t\t\t<\/div>\n\t\t<\/section>\n\t\t\t\t<section class=\"elementor-section elementor-top-section elementor-element elementor-element-5f01e34 elementor-section-boxed elementor-section-height-default elementor-section-height-default\" data-id=\"5f01e34\" data-element_type=\"section\">\n\t\t\t\t\t\t<div class=\"elementor-container elementor-column-gap-default\">\n\t\t\t\t\t<div class=\"elementor-column elementor-col-100 elementor-top-column elementor-element elementor-element-b934998\" data-id=\"b934998\" data-element_type=\"column\">\n\t\t\t<div class=\"elementor-widget-wrap elementor-element-populated\">\n\t\t\t\t\t\t<div class=\"elementor-element elementor-element-fa29809 elementor-widget elementor-widget-text-editor\" data-id=\"fa29809\" data-element_type=\"widget\" data-widget_type=\"text-editor.default\">\n\t\t\t\t<div class=\"elementor-widget-container\">\n\t\t\t\t\t\t\t<p>Sur ce site, nous utilisons des cookies de tiers et des cookies propres afin de vous offrir une meilleure exp\u00e9rience de navigation, de vous permettre de partager des contenus sur des r\u00e9seaux sociaux et d'obtenir des statistiques sur les utilisateurs.<\/p><p>Vous pouvez \u00e9viter la r\u00e9ception de cookies par le biais de la configuration de votre navigateur, en \u00e9vitant que les cookies ne soient stock\u00e9s sur votre appareil.<\/p><p>En tant que propri\u00e9taire de ce site web, nous vous informons que nous n'utilisons aucune information personnelle issue des cookies et que nous r\u00e9alisons uniquement des statistiques g\u00e9n\u00e9rales de visites qui ne contiennent aucune information personnelle.<\/p><p>Il est tr\u00e8s important de lire la pr\u00e9sente politique en mati\u00e8re de cookies et de comprendre que seuls les cookies n\u00e9cessaires \u00e0 la navigation sont stock\u00e9s sur votre appareil. Le reste des cookies est install\u00e9 \u00e0 tout moment et lorsque cela est explicitement demand\u00e9.<\/p><p>Selon les termes de l'article 22.2 de la loi 34\/2002 sur les services de la soci\u00e9t\u00e9 de l'information et du commerce \u00e9lectronique, si vous continuez \u00e0 naviguer, vous donnerez votre consentement \u00e0 l'utilisation des m\u00e9canismes mentionn\u00e9s.<\/p>\t\t\t\t\t\t<\/div>\n\t\t\t\t<\/div>\n\t\t\t\t\t<\/div>\n\t\t<\/div>\n\t\t\t\t\t<\/div>\n\t\t<\/section>\n\t\t\t\t<section class=\"elementor-section elementor-top-section elementor-element elementor-element-1dde775 elementor-section-boxed elementor-section-height-default elementor-section-height-default\" data-id=\"1dde775\" data-element_type=\"section\">\n\t\t\t\t\t\t<div class=\"elementor-container elementor-column-gap-default\">\n\t\t\t\t\t<div class=\"elementor-column elementor-col-100 elementor-top-column elementor-element elementor-element-a75be9b\" data-id=\"a75be9b\" data-element_type=\"column\">\n\t\t\t<div class=\"elementor-widget-wrap elementor-element-populated\">\n\t\t\t\t\t\t<div class=\"elementor-element elementor-element-969c916 elementor-widget elementor-widget-heading\" data-id=\"969c916\" data-element_type=\"widget\" data-widget_type=\"heading.default\">\n\t\t\t\t<div class=\"elementor-widget-container\">\n\t\t\t<h5 class=\"elementor-heading-title elementor-size-default\">Entidad Responsable<\/h5>\t\t<\/div>\n\t\t\t\t<\/div>\n\t\t\t\t<div class=\"elementor-element elementor-element-dbdba9b elementor-widget elementor-widget-text-editor\" data-id=\"dbdba9b\" data-element_type=\"widget\" data-widget_type=\"text-editor.default\">\n\t\t\t\t<div class=\"elementor-widget-container\">\n\t\t\t\t\t\t\t<p>L'entit\u00e9 responsable de la collecte, du traitement et de l'utilisation de vos donn\u00e9es personnelles, au sens de la loi sur la protection des donn\u00e9es personnelles, est la page WWW.MGMARQUITECTA.COM, propri\u00e9t\u00e9 de MARIA GABRIELA MOLISE, dont l'adresse est C\/ M\u00daSICO VICENTE SPITERI N.\u00ba 19 BAJO A, ALICANTE, 03540, Alacant.<\/p>\t\t\t\t\t\t<\/div>\n\t\t\t\t<\/div>\n\t\t\t\t<div class=\"elementor-element elementor-element-cc7ca6a elementor-widget elementor-widget-heading\" data-id=\"cc7ca6a\" data-element_type=\"widget\" data-widget_type=\"heading.default\">\n\t\t\t\t<div class=\"elementor-widget-container\">\n\t\t\t<h5 class=\"elementor-heading-title elementor-size-default\">Qu'est-ce que les cookies ?<\/h5>\t\t<\/div>\n\t\t\t\t<\/div>\n\t\t\t\t<div class=\"elementor-element elementor-element-8da2d40 elementor-widget elementor-widget-text-editor\" data-id=\"8da2d40\" data-element_type=\"widget\" data-widget_type=\"text-editor.default\">\n\t\t\t\t<div class=\"elementor-widget-container\">\n\t\t\t\t\t\t\t<p>Les cookies sont un ensemble de donn\u00e9es qu'un serveur d\u00e9pose dans le navigateur de l'utilisateur pour r\u00e9cup\u00e9rer les informations de l'enregistrement est\u00e1ndar de Internet et les informations sur le comportement des visiteurs sur un site web. Il s'agit de petites archives de texte qui sont conserv\u00e9es dans le disque dur de l'ordinateur et qui permettent d'identifier l'utilisateur lorsqu'il se connecte \u00e0 un nouveau site web. Leur objectif est d'enregistrer la visite de l'utilisateur et de conserver certaines informations. Leur utilisation est courante et fr\u00e9quente sur le web, car elle permet aux pages de fonctionner de mani\u00e8re plus efficace et d'obtenir une personnalisation et une analyse plus pouss\u00e9es du comportement de l'utilisateur.<\/p>\t\t\t\t\t\t<\/div>\n\t\t\t\t<\/div>\n\t\t\t\t<div class=\"elementor-element elementor-element-fee7e8f elementor-widget elementor-widget-heading\" data-id=\"fee7e8f\" data-element_type=\"widget\" data-widget_type=\"heading.default\">\n\t\t\t\t<div class=\"elementor-widget-container\">\n\t\t\t<h5 class=\"elementor-heading-title elementor-size-default\">Quels sont les types de cookies existants ?<\/h5>\t\t<\/div>\n\t\t\t\t<\/div>\n\t\t\t\t<div class=\"elementor-element elementor-element-0d5a710 elementor-widget elementor-widget-text-editor\" data-id=\"0d5a710\" data-element_type=\"widget\" data-widget_type=\"text-editor.default\">\n\t\t\t\t<div class=\"elementor-widget-container\">\n\t\t\t\t\t\t\t<p>Les cookies utilis\u00e9s sur notre site web, sont de sesi\u00f3n et de terceros, et nous permettent d'almacenar y acceder a information relativa al idioma, el tipo de navegador utilizado, y other caracter\u00edsticas generales predefinidas por el usuario, as\u00ed como, seguir y analizar la actividad que lleva a cabo, con el objeto de introducir mejoras y prestar nuestros servicios de una manera m\u00e1s eficiente y personalizada.<\/p><p>Les cookies, en fonction de leur dur\u00e9e, peuvent \u00eatre divis\u00e9s en cookies de session ou permanents. Ceux qui expirent lorsque l'utilisateur quitte le navigateur. Ceux qui expirent en fonction de la r\u00e9alisation de l'objectif pour lequel ils ont \u00e9t\u00e9 cr\u00e9\u00e9s (par exemple, pour que l'utilisateur reste identifi\u00e9 dans les services de MARIA GABRIELA MOLISE ou bien lorsqu'il les utilise manuellement).<\/p><p>En outre, en fonction de leur objectif, les cookies peuvent \u00eatre class\u00e9s de la mani\u00e8re suivante :<\/p>\t\t\t\t\t\t<\/div>\n\t\t\t\t<\/div>\n\t\t\t\t<div class=\"elementor-element elementor-element-8d5bb03 elementor-widget elementor-widget-shortcode\" data-id=\"8d5bb03\" data-element_type=\"widget\" data-widget_type=\"shortcode.default\">\n\t\t\t\t<div class=\"elementor-widget-container\">\n\t\t\t\t\t<div class=\"elementor-shortcode\">[cky_outside_audit_table]<\/div>\n\t\t\t\t<\/div>\n\t\t\t\t<\/div>\n\t\t\t\t<div class=\"elementor-element elementor-element-8d4bb86 elementor-widget elementor-widget-heading\" data-id=\"8d4bb86\" data-element_type=\"widget\" data-widget_type=\"heading.default\">\n\t\t\t\t<div class=\"elementor-widget-container\">\n\t\t\t<h5 class=\"elementor-heading-title elementor-size-default\">Cookies de rendement<\/h5>\t\t<\/div>\n\t\t\t\t<\/div>\n\t\t\t\t<div class=\"elementor-element elementor-element-c533e49 elementor-widget elementor-widget-text-editor\" data-id=\"c533e49\" data-element_type=\"widget\" data-widget_type=\"text-editor.default\">\n\t\t\t\t<div class=\"elementor-widget-container\">\n\t\t\t\t\t\t\t<p>Ce type de cookie enregistre les pr\u00e9f\u00e9rences de l'utilisateur pour les outils qu'il trouve dans les services, de sorte qu'il n'a pas besoin de configurer le service chaque fois qu'il le visite. A titre d'exemple, dans cette typologie sont inclus : Ajustements du volume des lecteurs de vid\u00e9o ou de son. Les vitesses de transmission des images compatibles avec le navigateur. Les objets gard\u00e9s dans le \"carrito de la compra\" dans les services de commerce \u00e9lectronique tels que les boutiques.<\/p>\t\t\t\t\t\t<\/div>\n\t\t\t\t<\/div>\n\t\t\t\t<div class=\"elementor-element elementor-element-27f5fce elementor-widget elementor-widget-heading\" data-id=\"27f5fce\" data-element_type=\"widget\" data-widget_type=\"heading.default\">\n\t\t\t\t<div class=\"elementor-widget-container\">\n\t\t\t<h5 class=\"elementor-heading-title elementor-size-default\">Cookies de g\u00e9olocalisation<\/h5>\t\t<\/div>\n\t\t\t\t<\/div>\n\t\t\t\t<div class=\"elementor-element elementor-element-6543fb4 elementor-widget elementor-widget-text-editor\" data-id=\"6543fb4\" data-element_type=\"widget\" data-widget_type=\"text-editor.default\">\n\t\t\t\t<div class=\"elementor-widget-container\">\n\t\t\t\t\t\t\t<p>Ces cookies sont utilis\u00e9s pour d\u00e9terminer le pays dans lequel se trouve l'utilisateur lorsqu'il sollicite un service. Ce cookie est totalement anonyme et n'est utilis\u00e9 que pour aider \u00e0 orienter le contenu vers votre emplacement.<\/p>\t\t\t\t\t\t<\/div>\n\t\t\t\t<\/div>\n\t\t\t\t<div class=\"elementor-element elementor-element-41a4fd7 elementor-widget elementor-widget-heading\" data-id=\"41a4fd7\" data-element_type=\"widget\" data-widget_type=\"heading.default\">\n\t\t\t\t<div class=\"elementor-widget-container\">\n\t\t\t<h5 class=\"elementor-heading-title elementor-size-default\">Cookies d'enregistrement<\/h5>\t\t<\/div>\n\t\t\t\t<\/div>\n\t\t\t\t<div class=\"elementor-element elementor-element-3203b35 elementor-widget elementor-widget-text-editor\" data-id=\"3203b35\" data-element_type=\"widget\" data-widget_type=\"text-editor.default\">\n\t\t\t\t<div class=\"elementor-widget-container\">\n\t\t\t\t\t\t\t<p>Les cookies d'enregistrement sont g\u00e9n\u00e9r\u00e9s une fois que l'utilisateur s'est enregistr\u00e9 ou qu'il a ouvert sa session, et sont utilis\u00e9s pour l'identifier dans les services avec les objectifs suivants :<\/p><ul><li>Maintenir l'identification de l'utilisateur de telle sorte que, si l'utilisateur quitte un service, le navigateur ou l'ordonnanceur et que, \u00e0 un autre moment ou un autre jour, il entre \u00e0 nouveau dans ce service, il reste identifi\u00e9, facilitant ainsi sa navigation sans avoir \u00e0 s'identifier \u00e0 nouveau. Cette fonctionnalit\u00e9 peut \u00eatre supprim\u00e9e si l'utilisateur appuie sur la fonction [Cacher la session], de sorte que ce cookie est \u00e9limin\u00e9 et que la prochaine fois qu'il entre dans le service, l'utilisateur devra commencer la session pour s'identifier.<\/li><li>V\u00e9rifier si l'utilisateur est autoris\u00e9 \u00e0 acc\u00e9der \u00e0 certains services, par exemple pour participer \u00e0 un concours. En outre, certains services peuvent utiliser des connexions avec des r\u00e9seaux sociaux tels que Facebook ou Twitter. Lorsque l'utilisateur s'inscrit \u00e0 un service avec des donn\u00e9es d'identification d'un r\u00e9seau social, il autorise le r\u00e9seau social \u00e0 conserver un cookie persistant qui rappelle son identit\u00e9 et garantit l'acc\u00e8s aux services jusqu'\u00e0 ce qu'il expire. L'utilisateur peut supprimer ce cookie et interdire l'acc\u00e8s aux services par l'interm\u00e9diaire des r\u00e9seaux sociaux en actualisant ses pr\u00e9f\u00e9rences dans le r\u00e9seau social qu'il a choisi.<\/li><\/ul>\t\t\t\t\t\t<\/div>\n\t\t\t\t<\/div>\n\t\t\t\t<div class=\"elementor-element elementor-element-ade4ab7 elementor-widget elementor-widget-text-editor\" data-id=\"ade4ab7\" data-element_type=\"widget\" data-widget_type=\"text-editor.default\">\n\t\t\t\t<div class=\"elementor-widget-container\">\n\t\t\t\t\t\t\t<p>En outre, certains services peuvent utiliser des connexions avec des r\u00e9seaux sociaux tels que Facebook ou Twitter. Lorsque l'utilisateur s'inscrit \u00e0 un service avec des identifiants d'un r\u00e9seau social, il autorise le r\u00e9seau social \u00e0 conserver un cookie persistant qui rappelle son identit\u00e9 et garantit l'acc\u00e8s aux services jusqu'\u00e0 ce qu'il expire. L'utilisateur peut supprimer ce cookie et interdire l'acc\u00e8s aux services par l'interm\u00e9diaire des r\u00e9seaux sociaux en actualisant ses pr\u00e9f\u00e9rences dans le r\u00e9seau social qu'il a choisi.<\/p>\t\t\t\t\t\t<\/div>\n\t\t\t\t<\/div>\n\t\t\t\t<div class=\"elementor-element elementor-element-290fabc elementor-widget elementor-widget-heading\" data-id=\"290fabc\" data-element_type=\"widget\" data-widget_type=\"heading.default\">\n\t\t\t\t<div class=\"elementor-widget-container\">\n\t\t\t<h5 class=\"elementor-heading-title elementor-size-default\">Cookies analytiques<\/h5>\t\t<\/div>\n\t\t\t\t<\/div>\n\t\t\t\t<div class=\"elementor-element elementor-element-c89af9e elementor-widget elementor-widget-text-editor\" data-id=\"c89af9e\" data-element_type=\"widget\" data-widget_type=\"text-editor.default\">\n\t\t\t\t<div class=\"elementor-widget-container\">\n\t\t\t\t\t\t\t<p>Chaque fois qu'un utilisateur visite un service, une interface d'un fournisseur externe g\u00e9n\u00e8re un cookie analytique dans l'ordinateur de l'utilisateur. Ce cookie, qui n'est g\u00e9n\u00e9r\u00e9 que lors de la visite, servira lors des visites ult\u00e9rieures des services de MARIA GABRIELA MOLISE, afin d'identifier de mani\u00e8re anonyme le visiteur. Los objetivos principales que se persiguen son :<\/p><ul><li>Permettre l'identification anonyme des utilisateurs \u00e0 l'aide du cookie (identifie les navigateurs et les appareils, pas les personnes) et, par cons\u00e9quent, la comptabilisation approximative du nombre de visiteurs et de leur \u00e9volution dans le temps.<\/li><li>Identifier de mani\u00e8re anonyme les contenus les plus visit\u00e9s et donc les plus attractifs pour les utilisateurs savoir si l'utilisateur qui acc\u00e8de est nouveau ou s'il r\u00e9p\u00e8te sa visite.<\/li><\/ul>\t\t\t\t\t\t<\/div>\n\t\t\t\t<\/div>\n\t\t\t\t<div class=\"elementor-element elementor-element-0d6ac48 elementor-widget elementor-widget-text-editor\" data-id=\"0d6ac48\" data-element_type=\"widget\" data-widget_type=\"text-editor.default\">\n\t\t\t\t<div class=\"elementor-widget-container\">\n\t\t\t\t\t\t\t<p>Important : Si l'utilisateur d\u00e9cide de s'inscrire \u00e0 un service MARIA GABRIELA MOLISE, le cookie ne sera jamais associ\u00e9 \u00e0 une quelconque donn\u00e9e de caract\u00e8re personnel permettant de l'identifier. Ces cookies sont uniquement utilis\u00e9s \u00e0 des fins statistiques qui permettent d'optimiser l'exp\u00e9rience des utilisateurs sur le site.<\/p>\t\t\t\t\t\t<\/div>\n\t\t\t\t<\/div>\n\t\t\t\t<div class=\"elementor-element elementor-element-0e9d43a elementor-widget elementor-widget-heading\" data-id=\"0e9d43a\" data-element_type=\"widget\" data-widget_type=\"heading.default\">\n\t\t\t\t<div class=\"elementor-widget-container\">\n\t\t\t<h5 class=\"elementor-heading-title elementor-size-default\">Cookies de publicit\u00e9<\/h5>\t\t<\/div>\n\t\t\t\t<\/div>\n\t\t\t\t<div class=\"elementor-element elementor-element-3d72a7a elementor-widget elementor-widget-text-editor\" data-id=\"3d72a7a\" data-element_type=\"widget\" data-widget_type=\"text-editor.default\">\n\t\t\t\t<div class=\"elementor-widget-container\">\n\t\t\t\t\t\t\t<p>Ce type de cookies permet d'augmenter les informations des annonces diffus\u00e9es \u00e0 chaque utilisateur dans les services de MARIA GABRIELA MOLISE. Entre autres, ils enregistrent la dur\u00e9e ou la fr\u00e9quence de visualisation des publicit\u00e9s, l'interaction avec ces derni\u00e8res, les habitudes de navigation et\/ou les comportements de l'utilisateur, ce qui permet d'\u00e9tablir un profil d'int\u00e9r\u00eat publicitaire. De cette mani\u00e8re, ils permettent d'offrir une publicit\u00e9 adapt\u00e9e aux int\u00e9r\u00eats de l'utilisateur.<\/p>\t\t\t\t\t\t<\/div>\n\t\t\t\t<\/div>\n\t\t\t\t<div class=\"elementor-element elementor-element-dbd9dac elementor-widget elementor-widget-heading\" data-id=\"dbd9dac\" data-element_type=\"widget\" data-widget_type=\"heading.default\">\n\t\t\t\t<div class=\"elementor-widget-container\">\n\t\t\t<h5 class=\"elementor-heading-title elementor-size-default\">Cookies publicitaires de tiers<\/h5>\t\t<\/div>\n\t\t\t\t<\/div>\n\t\t\t\t<div class=\"elementor-element elementor-element-97599b2 elementor-widget elementor-widget-text-editor\" data-id=\"97599b2\" data-element_type=\"widget\" data-widget_type=\"text-editor.default\">\n\t\t\t\t<div class=\"elementor-widget-container\">\n\t\t\t\t\t\t\t<p>Outre la publicit\u00e9 g\u00e9r\u00e9e par les sites web de MARIA GABRIELA MOLISE dans leurs services, les sites web de MARIA GABRIELA MOLISE offrent \u00e0 leurs annonceurs la possibilit\u00e9 de diffuser des annonces par l'interm\u00e9diaire de tiers (\"serveurs publicitaires\"). De cette mani\u00e8re, ces serveurs peuvent conserver les cookies envoy\u00e9s par les services de MARIA GABRIELA MOLISE et provenant des navigateurs des utilisateurs, ainsi qu'acc\u00e9der aux donn\u00e9es qu'ils contiennent.<\/p>\t\t\t\t\t\t<\/div>\n\t\t\t\t<\/div>\n\t\t\t\t<div class=\"elementor-element elementor-element-1fc80f9 elementor-widget elementor-widget-heading\" data-id=\"1fc80f9\" data-element_type=\"widget\" data-widget_type=\"heading.default\">\n\t\t\t\t<div class=\"elementor-widget-container\">\n\t\t\t<h5 class=\"elementor-heading-title elementor-size-default\">Comment d\u00e9shabiliter les cookies sur mon navigateur ?<\/h5>\t\t<\/div>\n\t\t\t\t<\/div>\n\t\t\t\t<div class=\"elementor-element elementor-element-9dea05e elementor-widget elementor-widget-text-editor\" data-id=\"9dea05e\" data-element_type=\"widget\" data-widget_type=\"text-editor.default\">\n\t\t\t\t<div class=\"elementor-widget-container\">\n\t\t\t\t\t\t\t<p>Les diff\u00e9rents navigateurs peuvent \u00eatre configur\u00e9s de mani\u00e8re \u00e0 avertir l'utilisateur de la r\u00e9ception de cookies et, s'il le souhaite, \u00e0 emp\u00eacher leur installation sur l'\u00e9quipement. De m\u00eame, l'utilisateur peut v\u00e9rifier dans son navigateur quels cookies sont install\u00e9s et quelle est la dur\u00e9e de validit\u00e9 de ceux-ci, avant de les \u00e9liminer.<\/p>\t\t\t\t\t\t<\/div>\n\t\t\t\t<\/div>\n\t\t\t\t<div class=\"elementor-element elementor-element-5ab219f elementor-widget elementor-widget-text-editor\" data-id=\"5ab219f\" data-element_type=\"widget\" data-widget_type=\"text-editor.default\">\n\t\t\t\t<div class=\"elementor-widget-container\">\n\t\t\t\t\t\t\t<p>Pour plus d'informations, consultez les instructions et les manuels de votre navigateur :<\/p><ul><li>Pour plus d'informations sur l'administration des cookies, voir <strong>Google Chrome<\/strong>: <a href=\"https:\/\/support.google.com\/chrome\/answer\/95647?hl=es\">aqu\u00ed<\/a><\/li><li>Pour plus d'informations sur l'administration des cookies, voir <strong>Internet Explore<\/strong>: <a href=\"https:\/\/support.microsoft.com\/es-es\/windows\/eliminar-y-administrar-cookies-168dab11-0753-043d-7c16-ede5947fc64d#:~:text=En%20Internet%20Explorer%2C%20seleccione%20el,si%20prefieres%20que%20te%20pregunten\">aqu\u00ed<\/a><\/li><li>Pour plus d'informations sur l'administration des cookies, voir <strong>Mozilla Firefox<\/strong>: <a href=\"http:\/\/windows.microsoft.com\/es-es\/windows-vista\/cookies-frequently-asked-%09questions%20\">aqu\u00ed<\/a><\/li><li>Pour plus d'informations sur l'administration des cookies, voir <strong>Safari<\/strong>: <a href=\"http:\/\/www.apple.com\/es\/privacy\/use-of-cookies\/%20\">aqu\u00ed<\/a><\/li><li>Pour plus d'informations sur l'administration des cookies, voir <strong>Op\u00e9ra<\/strong>: <a href=\"http:\/\/help.opera.com\/Windows\/11.50\/es-ES\/cookies.html\">aqu\u00ed<\/a><\/li><li>Si vous souhaitez ne plus \u00eatre suivi par <strong>Google Analytics<\/strong> visite : <a href=\"http:\/\/tools.google.com\/dlpage\/gaoptout%20\">aqu\u00ed<\/a><\/li><\/ul>\t\t\t\t\t\t<\/div>\n\t\t\t\t<\/div>\n\t\t\t\t\t<\/div>\n\t\t<\/div>\n\t\t\t\t\t<\/div>\n\t\t<\/section>\n\t\t\t\t<\/div>","protected":false},"excerpt":{"rendered":"<p>En esta web se utilizan cookies de terceros y propias para conseguir que tengas una mejor experiencia de navegaci\u00f3n, puedas compartir contenido en redes sociales y para que podamos obtener estad\u00edsticas de los usuarios. Puedes evitar la descarga de cookies a trav\u00e9s de la configuraci\u00f3n de tu navegador, evitando que las cookies se almacenen en [&hellip;]<\/p>","protected":false},"author":2,"featured_media":0,"parent":0,"menu_order":13,"comment_status":"closed","ping_status":"closed","template":"elementor_header_footer","meta":{"om_disable_all_campaigns":false,"_monsterinsights_skip_tracking":false,"_monsterinsights_sitenote_active":false,"_monsterinsights_sitenote_note":"","_monsterinsights_sitenote_category":0,"footnotes":""},"class_list":["post-809","page","type-page","status-publish","hentry"],"aioseo_notices":[],"_links":{"self":[{"href":"https:\/\/mgm-arquitectura.com\/fr\/wp-json\/wp\/v2\/pages\/809","targetHints":{"allow":["GET"]}}],"collection":[{"href":"https:\/\/mgm-arquitectura.com\/fr\/wp-json\/wp\/v2\/pages"}],"about":[{"href":"https:\/\/mgm-arquitectura.com\/fr\/wp-json\/wp\/v2\/types\/page"}],"author":[{"embeddable":true,"href":"https:\/\/mgm-arquitectura.com\/fr\/wp-json\/wp\/v2\/users\/2"}],"replies":[{"embeddable":true,"href":"https:\/\/mgm-arquitectura.com\/fr\/wp-json\/wp\/v2\/comments?post=809"}],"version-history":[{"count":16,"href":"https:\/\/mgm-arquitectura.com\/fr\/wp-json\/wp\/v2\/pages\/809\/revisions"}],"predecessor-version":[{"id":826,"href":"https:\/\/mgm-arquitectura.com\/fr\/wp-json\/wp\/v2\/pages\/809\/revisions\/826"}],"wp:attachment":[{"href":"https:\/\/mgm-arquitectura.com\/fr\/wp-json\/wp\/v2\/media?parent=809"}],"curies":[{"name":"wp","href":"https:\/\/api.w.org\/{rel}","templated":true}]}}