{"id":857,"date":"2024-03-25T17:43:59","date_gmt":"2024-03-25T15:43:59","guid":{"rendered":"https:\/\/mgmarquitecta.com\/?page_id=857"},"modified":"2025-05-22T19:24:29","modified_gmt":"2025-05-22T17:24:29","slug":"accessibilite","status":"publish","type":"page","link":"https:\/\/mgm-arquitectura.com\/fr\/accessibilite\/","title":{"rendered":"Accessibilit\u00e9"},"content":{"rendered":"<div data-elementor-type=\"wp-page\" data-elementor-id=\"857\" class=\"elementor elementor-857\" data-elementor-post-type=\"page\">\n\t\t\t\t\t\t<section class=\"elementor-section elementor-top-section elementor-element elementor-element-f336924 elementor-section-height-min-height elementor-section-items-bottom elementor-section-boxed elementor-section-height-default\" data-id=\"f336924\" data-element_type=\"section\" data-settings=\"{&quot;background_background&quot;:&quot;classic&quot;,&quot;background_motion_fx_motion_fx_scrolling&quot;:&quot;yes&quot;,&quot;background_motion_fx_translateY_effect&quot;:&quot;yes&quot;,&quot;background_motion_fx_translateY_direction&quot;:&quot;negative&quot;,&quot;background_motion_fx_translateY_speed&quot;:{&quot;unit&quot;:&quot;px&quot;,&quot;size&quot;:3,&quot;sizes&quot;:[]},&quot;background_motion_fx_translateY_affectedRange&quot;:{&quot;unit&quot;:&quot;%&quot;,&quot;size&quot;:&quot;&quot;,&quot;sizes&quot;:{&quot;start&quot;:0,&quot;end&quot;:100}},&quot;background_motion_fx_devices&quot;:[&quot;desktop&quot;,&quot;tablet&quot;,&quot;mobile&quot;]}\">\n\t\t\t\t\t\t\t<div class=\"elementor-background-overlay\"><\/div>\n\t\t\t\t\t\t\t<div class=\"elementor-container elementor-column-gap-no\">\n\t\t\t\t\t<div class=\"elementor-column elementor-col-100 elementor-top-column elementor-element elementor-element-8c90dd8\" data-id=\"8c90dd8\" data-element_type=\"column\" data-settings=\"{&quot;background_background&quot;:&quot;classic&quot;}\">\n\t\t\t<div class=\"elementor-widget-wrap elementor-element-populated\">\n\t\t\t\t\t\t<section class=\"elementor-section elementor-inner-section elementor-element elementor-element-4c04d06 elementor-section-content-bottom elementor-section-boxed elementor-section-height-default elementor-section-height-default\" data-id=\"4c04d06\" data-element_type=\"section\" data-settings=\"{&quot;background_background&quot;:&quot;classic&quot;}\">\n\t\t\t\t\t\t<div class=\"elementor-container elementor-column-gap-no\">\n\t\t\t\t\t<div class=\"elementor-column elementor-col-33 elementor-inner-column elementor-element elementor-element-84af348 elementor-hidden-tablet elementor-hidden-phone\" data-id=\"84af348\" data-element_type=\"column\">\n\t\t\t<div class=\"elementor-widget-wrap\">\n\t\t\t\t\t\t\t<\/div>\n\t\t<\/div>\n\t\t\t\t<div class=\"elementor-column elementor-col-33 elementor-inner-column elementor-element elementor-element-01ee799\" data-id=\"01ee799\" data-element_type=\"column\">\n\t\t\t<div class=\"elementor-widget-wrap elementor-element-populated\">\n\t\t\t\t\t<div class=\"elementor-background-overlay\"><\/div>\n\t\t\t\t\t\t\t<\/div>\n\t\t<\/div>\n\t\t\t\t<div class=\"elementor-column elementor-col-33 elementor-inner-column elementor-element elementor-element-44fcece elementor-hidden-tablet elementor-hidden-phone\" data-id=\"44fcece\" data-element_type=\"column\">\n\t\t\t<div class=\"elementor-widget-wrap\">\n\t\t\t\t\t\t\t<\/div>\n\t\t<\/div>\n\t\t\t\t\t<\/div>\n\t\t<\/section>\n\t\t\t\t\t<\/div>\n\t\t<\/div>\n\t\t\t\t\t<\/div>\n\t\t<\/section>\n\t\t\t\t<section class=\"elementor-section elementor-top-section elementor-element elementor-element-5f01e34 elementor-section-boxed elementor-section-height-default elementor-section-height-default\" data-id=\"5f01e34\" data-element_type=\"section\">\n\t\t\t\t\t\t<div class=\"elementor-container elementor-column-gap-default\">\n\t\t\t\t\t<div class=\"elementor-column elementor-col-100 elementor-top-column elementor-element elementor-element-b7e6b09\" data-id=\"b7e6b09\" data-element_type=\"column\">\n\t\t\t<div class=\"elementor-widget-wrap\">\n\t\t\t\t\t\t\t<\/div>\n\t\t<\/div>\n\t\t\t\t\t<\/div>\n\t\t<\/section>\n\t\t\t\t<section class=\"elementor-section elementor-top-section elementor-element elementor-element-4345bcd7 elementor-section-boxed elementor-section-height-default elementor-section-height-default\" data-id=\"4345bcd7\" data-element_type=\"section\">\n\t\t\t\t\t\t<div class=\"elementor-container elementor-column-gap-default\">\n\t\t\t\t\t<div class=\"elementor-column elementor-col-100 elementor-top-column elementor-element elementor-element-4e9d0370\" data-id=\"4e9d0370\" data-element_type=\"column\">\n\t\t\t<div class=\"elementor-widget-wrap elementor-element-populated\">\n\t\t\t\t\t\t<div class=\"elementor-element elementor-element-555e88eb elementor-widget elementor-widget-text-editor\" data-id=\"555e88eb\" data-element_type=\"widget\" data-widget_type=\"text-editor.default\">\n\t\t\t\t<div class=\"elementor-widget-container\">\n\t\t\t\t\t\t\t<p>L'entit\u00e9 <strong>MARIA GABRIELA MOLISE<\/strong> s'est engag\u00e9 \u00e0 rendre son site web accessible conform\u00e9ment \u00e0 l'arr\u00eat\u00e9 royal 1112\/2018, du 7 septembre, relatif \u00e0 l'accessibilit\u00e9 des sites web et des applications pour appareils mobiles dans le secteur public. (S'ouvre dans une nouvelle fen\u00eatre)<\/p><p>Cette d\u00e9claration d'accessibilit\u00e9 s'applique au site web : https:\/\/mgmarquitecta.com\/<\/p>\t\t\t\t\t\t<\/div>\n\t\t\t\t<\/div>\n\t\t\t\t<div class=\"elementor-element elementor-element-5ce13844 elementor-widget elementor-widget-heading\" data-id=\"5ce13844\" data-element_type=\"widget\" data-widget_type=\"heading.default\">\n\t\t\t\t<div class=\"elementor-widget-container\">\n\t\t\t<h4 class=\"elementor-heading-title elementor-size-default\">CONFORMIT\u00c9<\/h4>\t\t<\/div>\n\t\t\t\t<\/div>\n\t\t\t\t<div class=\"elementor-element elementor-element-6b0313b elementor-widget elementor-widget-text-editor\" data-id=\"6b0313b\" data-element_type=\"widget\" data-widget_type=\"text-editor.default\">\n\t\t\t\t<div class=\"elementor-widget-container\">\n\t\t\t\t\t\t\tCe site web est partiellement conforme au RD 1112\/2018 en raison des exceptions et du manque de conformit\u00e9 des aspects indiqu\u00e9s ci-dessous.\t\t\t\t\t\t<\/div>\n\t\t\t\t<\/div>\n\t\t\t\t<div class=\"elementor-element elementor-element-7c3cc5d elementor-widget elementor-widget-heading\" data-id=\"7c3cc5d\" data-element_type=\"widget\" data-widget_type=\"heading.default\">\n\t\t\t\t<div class=\"elementor-widget-container\">\n\t\t\t<h4 class=\"elementor-heading-title elementor-size-default\">CONTENU NON ACCESSIBLE<\/h4>\t\t<\/div>\n\t\t\t\t<\/div>\n\t\t\t\t<div class=\"elementor-element elementor-element-1a9ce220 elementor-widget elementor-widget-text-editor\" data-id=\"1a9ce220\" data-element_type=\"widget\" data-widget_type=\"text-editor.default\">\n\t\t\t\t<div class=\"elementor-widget-container\">\n\t\t\t\t\t\t\t<p>Le contenu recueilli ci-dessous n'est pas accessible pour les raisons suivantes :<\/p><ul class=\"accssme-widget-content\"><li id=\"m_-8156018932468960723gmail-accssme_180\" class=\"accssme-widget-content\"><strong class=\"accssme-widget-content\"><span id=\"m_-8156018932468960723gmail-accssme_181\" class=\"accssme-widget-text\">D\u00e9faut de conformit\u00e9 avec le RD 1112\/2018<\/span><\/strong><br id=\"accssme_929\" class=\"accssme-widget-content\" \/><ul id=\"m_-8156018932468960723gmail-accssme_182\" class=\"accssme-widget-content\"><li id=\"m_-8156018932468960723gmail-accssme_183\" class=\"accssme-widget-text\">Il existe des logos et des images avec un texte alternatif incorrect ou confus et des images compl\u00e8tes sans description textuelle.\u00a0<span id=\"m_-8156018932468960723gmail-accssme_184\" class=\"accssme-widget-text\">[requisito n\u00famero 9.1.1.1 Contenido no textual, de UNE-EN 301549:2022].<\/span><\/li><li id=\"m_-8156018932468960723gmail-accssme_185\" class=\"accssme-widget-text\">Il existe des listes cr\u00e9\u00e9es de mani\u00e8re incorrecte (sans \u00e9tiquette de liste), des tableaux avec des \u00e9tiquettes incorrectes et des \u00e9tiquettes invisibles dans des \u00e9l\u00e9ments de formulaires.<span id=\"m_-8156018932468960723gmail-accssme_186\" class=\"accssme-widget-text\">\u00a0[requisito n\u00famero 9.1.3.1 Informaci\u00f3n y relaciones, de UNE-EN 301549:2022].<\/span><\/li><li id=\"m_-8156018932468960723gmail-accssme_187\" class=\"accssme-widget-text\">Il existe des tableaux non adapt\u00e9s aux tailles d'\u00e9cran et des champs de formulaire qui ne s'affichent pas correctement dans les tailles d'\u00e9cran.\u00a0<span id=\"m_-8156018932468960723gmail-accssme_188\" class=\"accssme-widget-text\">[requisito n\u00famero 9.1.4.10 Reajuste de texto, de UNE-EN 301549:2022]<\/span>.<\/li><li id=\"m_-8156018932468960723gmail-accssme_189\" class=\"accssme-widget-text\">Il existe un texte qui ne s'affiche pas correctement lorsque l'on modifie les espaces et les hauteurs de la ligne.<span id=\"m_-8156018932468960723gmail-accssme_190\" class=\"accssme-widget-text\">\u00a0[requisito n\u00famero 9.1.4.12 Espaciado de texto, de UNE-EN 301549:2022].<\/span><\/li><li id=\"m_-8156018932468960723gmail-accssme_191\" class=\"accssme-widget-text\">Il existe des \u00e9l\u00e9ments qui ne sont pas accessibles par t\u00e9l\u00e9phone, comme par exemple les liens vers les r\u00e9seaux sociaux, l'\u00e9diteur de texte pour les commentaires, les \u00e9l\u00e9ments pour ordonner les r\u00e9sultats de la recherche, la pagination des r\u00e9sultats de la recherche ou les fen\u00eatres de l'agenda.\u00a0<span id=\"m_-8156018932468960723gmail-accssme_192\" class=\"accssme-widget-text\">[requisito n\u00famero 9.2.1.1 Teclado, de UNE-EN 301549:2022].<\/span><\/li><li id=\"m_-8156018932468960723gmail-accssme_193\" class=\"accssme-widget-text\">Il existe des \u00e9l\u00e9ments qui ne re\u00e7oivent pas la cible et qui ne peuvent donc pas interagir avec eux \u00e0 l'aide de la cl\u00e9, par exemple\u00a0<span id=\"m_-8156018932468960723gmail-accssme_194\" class=\"accssme-widget-text\">[requisito n\u00famero 9.2.4.3 Orden del foco, de UNE-EN 301549:2022]<\/span>.<\/li><li id=\"m_-8156018932468960723gmail-accssme_195\" class=\"accssme-widget-text\">Il existe des liens dont la fonction n'est pas correctement identifi\u00e9e (description inad\u00e9quate, texte trop g\u00e9n\u00e9rique, titre inad\u00e9quat...).<br id=\"m_-8156018932468960723gmail-accssme_196\" class=\"accssme-widget-content\" \/><span id=\"m_-8156018932468960723gmail-accssme_197\" class=\"accssme-widget-text\">[requisito n\u00famero 9.2.4.4 Prop\u00f3sito de los enlaces, de UNE-EN 301549:2022].<\/span><\/li><li id=\"m_-8156018932468960723gmail-accssme_198\" class=\"accssme-widget-text\">Les textes sont encombr\u00e9s de r\u00e9p\u00e9titions et\/ou de descriptions insuffisantes.\u00a0<span id=\"m_-8156018932468960723gmail-accssme_199\" class=\"accssme-widget-text\">[requisito n\u00famero 9.2.4.6 Encabezados y etiquetas, de UNE-EN 301549:2022].<\/span><\/li><li id=\"m_-8156018932468960723gmail-accssme_200\" class=\"accssme-widget-text\">Il existe des images, des illustrations, des textes de liens ou de boutons, des textes de titres et des contenus qui ne sont pas traduits dans d'autres langues.\u00a0<span id=\"m_-8156018932468960723gmail-accssme_201\" class=\"accssme-widget-text\">[requisito n\u00famero 9.3.1.2 Idioma de las partes, de UNE-EN 301549:2022]<\/span>.<\/li><li id=\"m_-8156018932468960723gmail-accssme_202\" class=\"accssme-widget-text\">Dans certaines pages, le m\u00eame ic\u00f4ne est utilis\u00e9 \u00e0 des fins diff\u00e9rentes, ce qui cr\u00e9e une confusion.\u00a0<span id=\"m_-8156018932468960723gmail-accssme_203\" class=\"accssme-widget-text\">[requisito n\u00famero 9.3.2.4 Identificaci\u00f3n coherente, de UNE-EN 301549:2022]<\/span>.<\/li><li id=\"m_-8156018932468960723gmail-accssme_204\" class=\"accssme-widget-text\">Il existe des messages d'erreur peu descriptifs ou des messages d'erreur qui ne sont pas regroup\u00e9s en un seul message, ainsi qu'un manque de suggestions dans le formulaire pour remplir correctement les champs.\u00a0<span id=\"m_-8156018932468960723gmail-accssme_205\" class=\"accssme-widget-text\">[requisito n\u00famero 9.3.3.1 Identificaci\u00f3n de errores, de UNE-EN 301549:2022]<\/span>.<\/li><li id=\"m_-8156018932468960723gmail-accssme_206\" class=\"accssme-widget-text\">Il existe des formulaires avec des champs obligatoires dont l'utilisateur n'est pas inform\u00e9, ainsi que des champs pour lesquels il n'existe pas d'exemple textuel du format du champ.<br id=\"m_-8156018932468960723gmail-accssme_207\" class=\"accssme-widget-content\" \/>(comme par exemple le DNI)\u00a0<span id=\"m_-8156018932468960723gmail-accssme_208\" class=\"accssme-widget-text\">[requisito n\u00famero 9.3.3.2 Etiquetas e instrucciones, de UNE-EN 301549:2022]<\/span>.<\/li><li id=\"m_-8156018932468960723gmail-accssme_209\" class=\"accssme-widget-text\">Il existe des champs de formulaires o\u00f9 l'erreur est signal\u00e9e lorsque l'on introduit une valeur incorrecte, mais o\u00f9 aucune demande de correction n'est formul\u00e9e.<br id=\"m_-8156018932468960723gmail-accssme_210\" class=\"accssme-widget-content\" \/><span id=\"m_-8156018932468960723gmail-accssme_211\" class=\"accssme-widget-text\">[requisito n\u00famero 9.3.3.3 Sugerencias ante errores, de UNE-EN 301549:2022]<\/span>.<\/li><li id=\"m_-8156018932468960723gmail-accssme_212\" class=\"accssme-widget-text\">Il existe des pages contenant des erreurs de saisie et, de ce fait, certains produits d'aide ne peuvent pas interpr\u00e9ter correctement le contenu (IDs de page dupliqu\u00e9s, \u00e9tiquettes non cercl\u00e9es, construction incorrecte d'\u00e9tiquettes...).<span id=\"m_-8156018932468960723gmail-accssme_213\" class=\"accssme-widget-text\">\u00a0[requisito n\u00famero 9.4.1.1 Procesamiento, de UNE-EN 301549:2022]<\/span>.<\/li><li id=\"m_-8156018932468960723gmail-accssme_214\" class=\"accssme-widget-text\">Il existe des pages dans lesquelles les produits d'assistance ne permettent pas d'obtenir des informations, d'interagir et d'\u00eatre au courant de l'\u00e9tat des commandes de l'interface utilisateur, comme par exemple les messages d'aide, les messages d'\u00e9tat du r\u00e9sultat des actions, les attributs des liens, l'image de l'idiome de la page... que no podr\u00e1n ser le\u00eddo por lectores de pantalla en el momento en el que aparecen\u00a0<span id=\"m_-8156018932468960723gmail-accssme_215\" class=\"accssme-widget-text\">[requisito n\u00famero 9.4.1.2 Nombre, funci\u00f3n, valor de UNE-EN 301549:2022]<\/span>.<\/li><li id=\"m_-8156018932468960723gmail-accssme_216\" class=\"accssme-widget-text\">Il peut exister des erreurs ponctuelles d'\u00e9dition dans une page web.<\/li><\/ul><\/li><li id=\"m_-8156018932468960723gmail-accssme_217\" class=\"accssme-widget-content\"><strong class=\"accssme-widget-content\"><span id=\"m_-8156018932468960723gmail-accssme_218\" class=\"accssme-widget-text\">Carga desproporcionada<\/span><\/strong><br id=\"accssme_930\" class=\"accssme-widget-content\" \/><ul id=\"m_-8156018932468960723gmail-accssme_219\" class=\"accssme-widget-content\"><li id=\"m_-8156018932468960723gmail-accssme_220\" class=\"accssme-widget-text\">Pas d'application.<\/li><\/ul><\/li><li id=\"m_-8156018932468960723gmail-accssme_221\" class=\"accssme-widget-content\"><strong class=\"accssme-widget-content\"><span id=\"m_-8156018932468960723gmail-accssme_222\" class=\"accssme-widget-text\">Le contenu n'entre pas dans le champ d'application de la l\u00e9gislation en vigueur.<\/span><\/strong><br id=\"accssme_931\" class=\"accssme-widget-content\" \/><ul id=\"m_-8156018932468960723gmail-accssme_223\" class=\"accssme-widget-content\"><li id=\"m_-8156018932468960723gmail-accssme_224\" class=\"accssme-widget-text\">Podr\u00edan existir archivos ofim\u00e1ticos en PDF u otros formatos publicados antes del 20 de septiembre de 2018 que no cumplan en su totalidad todos los requisitos de accesibilidad. Aunque se ha procurado que la mayor\u00eda de ellos s\u00ed lo cumplan.<\/li><\/ul><\/li><\/ul>\t\t\t\t\t\t<\/div>\n\t\t\t\t<\/div>\n\t\t\t\t<div class=\"elementor-element elementor-element-917b684 elementor-widget elementor-widget-heading\" data-id=\"917b684\" data-element_type=\"widget\" data-widget_type=\"heading.default\">\n\t\t\t\t<div class=\"elementor-widget-container\">\n\t\t\t<h4 class=\"elementor-heading-title elementor-size-default\">PREPARACI\u00d3N DE LA PRESENTE DECLARACI\u00d3N DE ACCESIBILIDAD<\/h4>\t\t<\/div>\n\t\t\t\t<\/div>\n\t\t\t\t<div class=\"elementor-element elementor-element-148ba50d elementor-widget elementor-widget-text-editor\" data-id=\"148ba50d\" data-element_type=\"widget\" data-widget_type=\"text-editor.default\">\n\t\t\t\t<div class=\"elementor-widget-container\">\n\t\t\t\t\t\t\t<p>La presente declaraci\u00f3n fue preparada el 22\/03\/2024.<\/p><p>La m\u00e9thode utilis\u00e9e pour pr\u00e9parer la d\u00e9claration a \u00e9t\u00e9 une auto-\u00e9valuation effectu\u00e9e par la propre entit\u00e9.<\/p><p>\u00daltima revisi\u00f3n de la declaraci\u00f3n : 22\/03\/2024.<\/p>\t\t\t\t\t\t<\/div>\n\t\t\t\t<\/div>\n\t\t\t\t<div class=\"elementor-element elementor-element-66b4e60f elementor-widget elementor-widget-heading\" data-id=\"66b4e60f\" data-element_type=\"widget\" data-widget_type=\"heading.default\">\n\t\t\t\t<div class=\"elementor-widget-container\">\n\t\t\t<h4 class=\"elementor-heading-title elementor-size-default\">OBSERVATIONS ET DONN\u00c9ES DE CONTACT<\/h4>\t\t<\/div>\n\t\t\t\t<\/div>\n\t\t\t\t<div class=\"elementor-element elementor-element-171ddb0e elementor-widget elementor-widget-text-editor\" data-id=\"171ddb0e\" data-element_type=\"widget\" data-widget_type=\"text-editor.default\">\n\t\t\t\t<div class=\"elementor-widget-container\">\n\t\t\t\t\t\t\t<p>Puede realizar comunicaciones sobre requisitos de accesibilidad (art\u00edculo 10.2.a) del RD 1112\/2018) como por ejemplo :<\/p><p>informer de tout manquement \u00e9ventuel de la part de ce site web transmettre d'autres difficult\u00e9s d'acc\u00e8s au contenu formuler toute autre consultation ou suggestion d'am\u00e9lioration relative \u00e0 l'accessibilit\u00e9 du site web par l'interm\u00e9diaire du site web : <a href=\"https:\/\/mgmarquitecta.com\/contacto\/\">formulaire de contact.<\/a><\/p>\t\t\t\t\t\t<\/div>\n\t\t\t\t<\/div>\n\t\t\t\t<div class=\"elementor-element elementor-element-302b7912 elementor-widget elementor-widget-heading\" data-id=\"302b7912\" data-element_type=\"widget\" data-widget_type=\"heading.default\">\n\t\t\t\t<div class=\"elementor-widget-container\">\n\t\t\t<h4 class=\"elementor-heading-title elementor-size-default\">Puede presentar :<\/h4>\t\t<\/div>\n\t\t\t\t<\/div>\n\t\t\t\t<div class=\"elementor-element elementor-element-20af4b7d elementor-widget elementor-widget-text-editor\" data-id=\"20af4b7d\" data-element_type=\"widget\" data-widget_type=\"text-editor.default\">\n\t\t\t\t<div class=\"elementor-widget-container\">\n\t\t\t\t\t\t\t<p>Una queja relativa al cumplimiento de los requisitos del RD 1112\/2018 o una Solicitud de Informaci\u00f3n accesible relativa a : Contenidos que est\u00e1n excluidos del \u00e1mbito de aplicaci\u00f3n del RD 1112\/2018 seg\u00fan lo establecido por el art\u00edculo 3, apartado 4 contenidos que est\u00e1n exentos del cumplimiento de los requisitos de accesibilidad por imponer una carga desproporcionada.<\/p><p>Dans la Solicitud de informaci\u00f3n accesible, se debe concretar, con toda claridad, los hechos, razones y petici\u00f3n que permitan constatar que se trata de una solicitud razonable y leg\u00edtima.<\/p>\t\t\t\t\t\t<\/div>\n\t\t\t\t<\/div>\n\t\t\t\t<div class=\"elementor-element elementor-element-3617b103 elementor-widget elementor-widget-heading\" data-id=\"3617b103\" data-element_type=\"widget\" data-widget_type=\"heading.default\">\n\t\t\t\t<div class=\"elementor-widget-container\">\n\t\t\t<h4 class=\"elementor-heading-title elementor-size-default\">CONTENIDO OPCIONAL<\/h4>\t\t<\/div>\n\t\t\t\t<\/div>\n\t\t\t\t<div class=\"elementor-element elementor-element-4ccab31a elementor-widget elementor-widget-text-editor\" data-id=\"4ccab31a\" data-element_type=\"widget\" data-widget_type=\"text-editor.default\">\n\t\t\t\t<div class=\"elementor-widget-container\">\n\t\t\t\t\t\t\t<p>Ce site web applique les exigences de la norme UNE-EN 301549:2022 en tenant compte des exceptions de la RD 1112\/2018.<\/p><p>La derni\u00e8re r\u00e9vision de l'accessibilit\u00e9 a \u00e9t\u00e9 r\u00e9alis\u00e9e le 22\/03\/2024.<\/p><p>Le site web est optimis\u00e9 pour les navigateurs Microsoft Internet Explorer 8.0 ou versions sup\u00e9rieures et les derni\u00e8res versions de FireFox, Safari, Opera et Google Chrome. La r\u00e9solution web minimale recommand\u00e9e est de 1280\u00d71024.<\/p><p>Le site web a \u00e9t\u00e9 con\u00e7u pour une visualisation r\u00e9active, de sorte qu'il s'affiche de mani\u00e8re optimale sur les tablettes et les mobiles. Pour ces appareils, il est optimis\u00e9 pour une visualisation dans les derni\u00e8res versions de Chrome for mobile, Firefox for mobile, Safari mobile, Opera Mini et le navigateur natif d'Android.<\/p>\t\t\t\t\t\t<\/div>\n\t\t\t\t<\/div>\n\t\t\t\t\t<\/div>\n\t\t<\/div>\n\t\t\t\t\t<\/div>\n\t\t<\/section>\n\t\t\t\t<\/div>","protected":false},"excerpt":{"rendered":"<p>The entity MARIA GABRIELA MOLISE has committed to making its website accessible in accordance with Royal Decree 1112\/2018, of September 7, on the accessibility of websites and applications for mobile devices in the public sector. .(Opens in new window) This accessibility statement applies to the website: https:\/\/mgmarquitecta.com\/ COMPLIANCE This website is partially compliant with RD [&hellip;]<\/p>","protected":false},"author":2,"featured_media":0,"parent":0,"menu_order":10,"comment_status":"closed","ping_status":"closed","template":"elementor_header_footer","meta":{"om_disable_all_campaigns":false,"_monsterinsights_skip_tracking":false,"_monsterinsights_sitenote_active":false,"_monsterinsights_sitenote_note":"","_monsterinsights_sitenote_category":0,"footnotes":""},"class_list":["post-857","page","type-page","status-publish","hentry"],"aioseo_notices":[],"_links":{"self":[{"href":"https:\/\/mgm-arquitectura.com\/fr\/wp-json\/wp\/v2\/pages\/857","targetHints":{"allow":["GET"]}}],"collection":[{"href":"https:\/\/mgm-arquitectura.com\/fr\/wp-json\/wp\/v2\/pages"}],"about":[{"href":"https:\/\/mgm-arquitectura.com\/fr\/wp-json\/wp\/v2\/types\/page"}],"author":[{"embeddable":true,"href":"https:\/\/mgm-arquitectura.com\/fr\/wp-json\/wp\/v2\/users\/2"}],"replies":[{"embeddable":true,"href":"https:\/\/mgm-arquitectura.com\/fr\/wp-json\/wp\/v2\/comments?post=857"}],"version-history":[{"count":10,"href":"https:\/\/mgm-arquitectura.com\/fr\/wp-json\/wp\/v2\/pages\/857\/revisions"}],"predecessor-version":[{"id":973,"href":"https:\/\/mgm-arquitectura.com\/fr\/wp-json\/wp\/v2\/pages\/857\/revisions\/973"}],"wp:attachment":[{"href":"https:\/\/mgm-arquitectura.com\/fr\/wp-json\/wp\/v2\/media?parent=857"}],"curies":[{"name":"wp","href":"https:\/\/api.w.org\/{rel}","templated":true}]}}